{"id":2341,"date":"2024-08-07T13:08:17","date_gmt":"2024-08-07T13:08:17","guid":{"rendered":"https:\/\/wetankservicos.com\/?post_type=product&#038;p=2341"},"modified":"2024-08-07T13:35:58","modified_gmt":"2024-08-07T13:35:58","slug":"contentor-de-escritorio-usado-de-20-pes","status":"publish","type":"product","link":"https:\/\/wetankservicos.com\/pt\/produto\/contentor-de-escritorio-usado-de-20-pes\/","title":{"rendered":"Contentor de escrit\u00f3rio usado de 20 p\u00e9s"},"content":{"rendered":"","protected":false},"excerpt":{"rendered":"<p>Ref.: 00888<\/p>\n<p>Possui prote\u00e7\u00f5es met\u00e1licas deslizantes para portas e janelas.<br \/>\n+ 14 m\u00b2 de espa\u00e7o livre para os seus m\u00f3veis<br \/>\n+ Isolamento t\u00e9rmico<br \/>\n+ ar condicionado 110V<br \/>\n+ N\u00e3o \u00e9 necess\u00e1ria funda\u00e7\u00e3o<br \/>\n+ Janelas em alum\u00ednio preto e vidros duplos<br \/>\n+ Ventila\u00e7\u00e3o natural<br \/>\n+ Ilumina\u00e7\u00e3o moderna<br \/>\n+ Totalmente m\u00f3vel<br \/>\n+ Pavimento industrial robusto, ideal para escrit\u00f3rio de campo<br \/>\n+Ilumina\u00e7\u00e3o exterior<br \/>\n+ Lente polarizada<br \/>\n+ Contactos duplex externos de 110 V<\/p>","protected":false},"featured_media":2535,"template":"","meta":[],"product_brand":[],"product_cat":[74,72,54],"product_tag":[],"class_list":{"0":"post-2341","1":"product","2":"type-product","3":"status-publish","4":"has-post-thumbnail","6":"product_cat-cabines-e-servicos-sanitarios","7":"product_cat-casa-de-contentores","8":"product_cat-contentores-usados","10":"first","11":"instock","12":"shipping-taxable","13":"purchasable","14":"product-type-simple"},"etheme_brands":{"errors":{"invalid_taxonomy":["Taxonomia inv\u00e1lida."]},"error_data":[]},"_links":{"self":[{"href":"https:\/\/wetankservicos.com\/pt\/wp-json\/wp\/v2\/product\/2341","targetHints":{"allow":["GET"]}}],"collection":[{"href":"https:\/\/wetankservicos.com\/pt\/wp-json\/wp\/v2\/product"}],"about":[{"href":"https:\/\/wetankservicos.com\/pt\/wp-json\/wp\/v2\/types\/product"}],"version-history":[{"count":1,"href":"https:\/\/wetankservicos.com\/pt\/wp-json\/wp\/v2\/product\/2341\/revisions"}],"predecessor-version":[{"id":2536,"href":"https:\/\/wetankservicos.com\/pt\/wp-json\/wp\/v2\/product\/2341\/revisions\/2536"}],"wp:featuredmedia":[{"embeddable":true,"href":"https:\/\/wetankservicos.com\/pt\/wp-json\/wp\/v2\/media\/2535"}],"wp:attachment":[{"href":"https:\/\/wetankservicos.com\/pt\/wp-json\/wp\/v2\/media?parent=2341"}],"wp:term":[{"taxonomy":"product_brand","embeddable":true,"href":"https:\/\/wetankservicos.com\/pt\/wp-json\/wp\/v2\/product_brand?post=2341"},{"taxonomy":"product_cat","embeddable":true,"href":"https:\/\/wetankservicos.com\/pt\/wp-json\/wp\/v2\/product_cat?post=2341"},{"taxonomy":"product_tag","embeddable":true,"href":"https:\/\/wetankservicos.com\/pt\/wp-json\/wp\/v2\/product_tag?post=2341"}],"curies":[{"name":"wp","href":"https:\/\/api.w.org\/{rel}","templated":true}]}}