{"id":2340,"date":"2024-08-07T13:08:17","date_gmt":"2024-08-07T13:08:17","guid":{"rendered":"https:\/\/wetankservicos.com\/?post_type=product&#038;p=2340"},"modified":"2024-08-07T13:35:46","modified_gmt":"2024-08-07T13:35:46","slug":"contentor-de-20-pes-verde-uma-viagem-hc","status":"publish","type":"product","link":"https:\/\/wetankservicos.com\/pt\/produto\/contentor-de-20-pes-verde-uma-viagem-hc\/","title":{"rendered":"CONTENTOR DE 20 P\u00c9S (Verde Uma viagem)&#8221;&#8221;  HC &#8220;"},"content":{"rendered":"","protected":false},"excerpt":{"rendered":"<p>DETALHES DO PRODUTO<\/p>\n<p>Os contentores de 20 p\u00e9s s\u00e3o ideais para o sector do auto-armazenamento. Temos o prazer de fornecer contentores a muitas empresas de auto-armazenamento em Fran\u00e7a.<\/p>\n<p>Recomendamos este contentor de 20 p\u00e9s para auto-armazenamento porque tem um ch\u00e3o de bambu selado que facilita a limpeza entre clientes.<\/p>\n<p>Com a sua constru\u00e7\u00e3o em a\u00e7o corten, o contentor oferece longevidade e durabilidade, tornando-o uma unidade econ\u00f3mica para armazenamento seguro a longo prazo.<\/p>\n<p>Este contentor de auto-armazenamento fez apenas uma viagem a Fran\u00e7a depois de ter sido fabricado na China e foi constru\u00eddo de acordo com as rigorosas normas ISO para contentores.<\/p>\n<p>CARACTER\u00cdSTICAS DO NOVO CONTENTOR DE ARMAZENAGEM DE 20 P\u00c9S<br \/>\nNovo contentor (viagem \u00fanica)<br \/>\nSilver CSC (peso bruto m\u00e1ximo): 30 toneladas<br \/>\nConstru\u00e7\u00e3o totalmente em a\u00e7o Cor-Ten<br \/>\nPortas exteriores duplas com dobradi\u00e7as numa extremidade<br \/>\n2 barras de fecho em cada porta<br \/>\nCaixa de seguran\u00e7a instalada de f\u00e1brica inclu\u00edda como padr\u00e3o<br \/>\n2 bolsas para empilhadores em cada lado<br \/>\nTravessas<br \/>\n8 sa\u00eddas de ar para eliminar a condensa\u00e7\u00e3o<br \/>\nCh\u00e3o de bambu selado: ideal para auto-armazenamento<br \/>\nEste contentor est\u00e1 dispon\u00edvel para compra online e pode ser entregue em qualquer parte da Fran\u00e7a. Se tiver alguma d\u00favida, n\u00e3o hesite em contactar a nossa equipa de vendas de contentores.<\/p>\n<p>Deseja comprar um contentor de 20 p\u00e9s a um pre\u00e7o mais econ\u00f3mico? Descubra a nossa gama de contentores mar\u00edtimos usados<\/p>","protected":false},"featured_media":2532,"template":"","meta":[],"product_brand":[],"product_cat":[69,54],"product_tag":[],"class_list":{"0":"post-2340","1":"product","2":"type-product","3":"status-publish","4":"has-post-thumbnail","6":"product_cat-contentores-de-20-pes-e-6-metros","7":"product_cat-contentores-usados","9":"first","10":"instock","11":"shipping-taxable","12":"purchasable","13":"product-type-simple"},"etheme_brands":{"errors":{"invalid_taxonomy":["Taxonomia inv\u00e1lida."]},"error_data":[]},"_links":{"self":[{"href":"https:\/\/wetankservicos.com\/pt\/wp-json\/wp\/v2\/product\/2340","targetHints":{"allow":["GET"]}}],"collection":[{"href":"https:\/\/wetankservicos.com\/pt\/wp-json\/wp\/v2\/product"}],"about":[{"href":"https:\/\/wetankservicos.com\/pt\/wp-json\/wp\/v2\/types\/product"}],"version-history":[{"count":1,"href":"https:\/\/wetankservicos.com\/pt\/wp-json\/wp\/v2\/product\/2340\/revisions"}],"predecessor-version":[{"id":2533,"href":"https:\/\/wetankservicos.com\/pt\/wp-json\/wp\/v2\/product\/2340\/revisions\/2533"}],"wp:featuredmedia":[{"embeddable":true,"href":"https:\/\/wetankservicos.com\/pt\/wp-json\/wp\/v2\/media\/2532"}],"wp:attachment":[{"href":"https:\/\/wetankservicos.com\/pt\/wp-json\/wp\/v2\/media?parent=2340"}],"wp:term":[{"taxonomy":"product_brand","embeddable":true,"href":"https:\/\/wetankservicos.com\/pt\/wp-json\/wp\/v2\/product_brand?post=2340"},{"taxonomy":"product_cat","embeddable":true,"href":"https:\/\/wetankservicos.com\/pt\/wp-json\/wp\/v2\/product_cat?post=2340"},{"taxonomy":"product_tag","embeddable":true,"href":"https:\/\/wetankservicos.com\/pt\/wp-json\/wp\/v2\/product_tag?post=2340"}],"curies":[{"name":"wp","href":"https:\/\/api.w.org\/{rel}","templated":true}]}}