{"id":2283,"date":"2024-08-07T13:05:33","date_gmt":"2024-08-07T13:05:33","guid":{"rendered":"https:\/\/wetankservicos.com\/?post_type=product&#038;p=2283"},"modified":"2024-08-07T13:34:39","modified_gmt":"2024-08-07T13:34:39","slug":"contentor-do-lixo-de-40-pes-de-altura-9%e2%80%b2-6%e2%80%b3-de-altura-totalmente-preto-com-acesso-lateral","status":"publish","type":"product","link":"https:\/\/wetankservicos.com\/pt\/produto\/contentor-do-lixo-de-40-pes-de-altura-9%e2%80%b2-6%e2%80%b3-de-altura-totalmente-preto-com-acesso-lateral\/","title":{"rendered":"CONTENTOR DO LIXO DE 40 P\u00c9S DE ALTURA (9\u2032 6\u2033 DE ALTURA) TOTALMENTE PRETO COM ACESSO LATERAL"},"content":{"rendered":"<p>ESPECIFICA\u00c7\u00d5ES DO PRODUTO<br \/>\nComprimento exterior (m)<br \/>\n12.19<\/p>\n<p>Largura exterior (m)<br \/>\n2.44<\/p>\n<p>Altura exterior (m)<br \/>\n2.90<\/p>\n<p>Comprimento interior (m)<br \/>\n12.03<\/p>\n<p>Largura interior (m)<br \/>\n2.29<\/p>\n<p>Altura interior (m)<br \/>\n2.70<\/p>\n<p>Largura da porta (m)<br \/>\n2.23<\/p>\n<p>Largura da porta lateral (m)<br \/>\n11.84<\/p>","protected":false},"excerpt":{"rendered":"<p>N\u00famero de identifica\u00e7\u00e3o: 004543<\/p>\n<p>DETALHES DO PRODUTO<br \/>\nCubo de 40 p\u00e9s x 8 p\u00e9s de altura (9 p\u00e9s 6 p\u00e9s) Contentor de transporte de viagem \u00fanica para venda.<\/p>\n<p>CARACTER\u00cdSTICAS DO RECIPIENTE DE PAREDE ABERTA DE CUBO ALTO DE 40 P\u00c9S<br \/>\nNOVO &#8211; Viagem \u00fanica<br \/>\nAbertura lateral de 11.836 mm (38 p\u00e9s 9 pol.) sem coluna central<br \/>\nPrata CSC (peso bruto) m\u00e1ximo: 24.000 KG<br \/>\nEstrutura totalmente em a\u00e7o Cor-Ten<br \/>\nPortas exteriores de batente duplo com duas barras de bloqueio por porta numa extremidade de 2,5 metros e outra lateral de 12 metros com tr\u00eas barras de bloqueio em cada porta<br \/>\nPiso de contraplacado mar\u00edtimo de 28 mm sobre travessas de a\u00e7o<br \/>\n8 aberturas de ventila\u00e7\u00e3o<br \/>\nUm pavimento de a\u00e7o com rebordo pode ser instalado por um custo adicional<\/p>","protected":false},"featured_media":2488,"template":"","meta":[],"product_brand":[],"product_cat":[55,54],"product_tag":[],"class_list":{"0":"post-2283","1":"product","2":"type-product","3":"status-publish","4":"has-post-thumbnail","6":"product_cat-contentor-de-40-pes-e-12m","7":"product_cat-contentores-usados","9":"first","10":"instock","11":"shipping-taxable","12":"purchasable","13":"product-type-simple"},"etheme_brands":{"errors":{"invalid_taxonomy":["Taxonomia inv\u00e1lida."]},"error_data":[]},"_links":{"self":[{"href":"https:\/\/wetankservicos.com\/pt\/wp-json\/wp\/v2\/product\/2283","targetHints":{"allow":["GET"]}}],"collection":[{"href":"https:\/\/wetankservicos.com\/pt\/wp-json\/wp\/v2\/product"}],"about":[{"href":"https:\/\/wetankservicos.com\/pt\/wp-json\/wp\/v2\/types\/product"}],"version-history":[{"count":1,"href":"https:\/\/wetankservicos.com\/pt\/wp-json\/wp\/v2\/product\/2283\/revisions"}],"predecessor-version":[{"id":2489,"href":"https:\/\/wetankservicos.com\/pt\/wp-json\/wp\/v2\/product\/2283\/revisions\/2489"}],"wp:featuredmedia":[{"embeddable":true,"href":"https:\/\/wetankservicos.com\/pt\/wp-json\/wp\/v2\/media\/2488"}],"wp:attachment":[{"href":"https:\/\/wetankservicos.com\/pt\/wp-json\/wp\/v2\/media?parent=2283"}],"wp:term":[{"taxonomy":"product_brand","embeddable":true,"href":"https:\/\/wetankservicos.com\/pt\/wp-json\/wp\/v2\/product_brand?post=2283"},{"taxonomy":"product_cat","embeddable":true,"href":"https:\/\/wetankservicos.com\/pt\/wp-json\/wp\/v2\/product_cat?post=2283"},{"taxonomy":"product_tag","embeddable":true,"href":"https:\/\/wetankservicos.com\/pt\/wp-json\/wp\/v2\/product_tag?post=2283"}],"curies":[{"name":"wp","href":"https:\/\/api.w.org\/{rel}","templated":true}]}}