{"id":2242,"date":"2024-08-07T13:03:43","date_gmt":"2024-08-07T13:03:43","guid":{"rendered":"https:\/\/wetankservicos.com\/?post_type=product&#038;p=2242"},"modified":"2024-08-07T13:34:06","modified_gmt":"2024-08-07T13:34:06","slug":"contentor-20-aberto-acesso-lateral-completo-20-azul-1","status":"publish","type":"product","link":"https:\/\/wetankservicos.com\/pt\/produto\/contentor-20-aberto-acesso-lateral-completo-20-azul-1\/","title":{"rendered":"CONTENTOR 20&#8242; ABERTO\/ACESSO LATERAL COMPLETO 20&#8242; AZUL 1"},"content":{"rendered":"<p>ESPECIFICA\u00c7\u00d5ES DO PRODUTO<br \/>\nComprimento exterior (m)<br \/>\n6.06<\/p>\n<p>Largura exterior (m)<br \/>\n2.44<\/p>\n<p>Altura exterior (m)<br \/>\n2.59<\/p>\n<p>Comprimento interno (m)<br \/>\n5.95<\/p>\n<p>Largura interior (m)<br \/>\n2.29<\/p>\n<p>Altura interior (m)<br \/>\n2.39<\/p>\n<p>Largura da porta (m)<br \/>\n2.34<\/p>\n<p>Largura da porta lateral (m)<br \/>\n5.82<\/p>","protected":false},"excerpt":{"rendered":"<p>N\u00famero de identifica\u00e7\u00e3o: 00249<\/p>\n<p>DETALHES DO PRODUTO<br \/>\nOs nossos contentores de 20 p\u00e9s com paredes abertas possuem um par de portas duplas ao longo de um dos lados do contentor, permitindo um acesso lateral completo, e um par de portas duplas na extremidade.<\/p>\n<p>Fabricados na China de acordo com as especifica\u00e7\u00f5es ISO, estes contentores s\u00e3o praticamente novos: s\u00f3 fizeram uma viagem da China para Portugal.<\/p>\n<p>Estes contentores de acesso lateral completo (FSA) est\u00e3o dispon\u00edveis para venda online ou contactando a nossa simp\u00e1tica equipa de vendas de contentores.<\/p>\n<p>CARACTER\u00cdSTICAS DO NOVO CONTENTOR MAR\u00cdTIMO OPEN TOP DE 20 P\u00c9S<br \/>\nNOVO &#8211; Viagem \u00fanica<br \/>\nSilver CSC (peso bruto) m\u00e1ximo: 24 toneladas<br \/>\nConstru\u00e7\u00e3o totalmente em a\u00e7o corten<br \/>\nUm par de portas duplas na extremidade e um par de portas duplas num dos lados.<br \/>\nDuas barras de fecho em cada porta<br \/>\n2 bolsas para empilhadores em cada lado<br \/>\nCh\u00e3o de contraplacado mar\u00edtimo de 28 mm sobre travessas de a\u00e7o<br \/>\n8 sa\u00eddas de ar<br \/>\nProcura algo mais econ\u00f3mico? Experimente os nossos contentores de 20 p\u00e9s usados com acesso lateral completo.<\/p>","protected":false},"featured_media":2461,"template":"","meta":[],"product_brand":[],"product_cat":[71,54],"product_tag":[],"class_list":{"0":"post-2242","1":"product","2":"type-product","3":"status-publish","4":"has-post-thumbnail","6":"product_cat-contentores-de-20-pes-e-6-metros-contentores-usados-2","7":"product_cat-contentores-usados","9":"first","10":"instock","11":"shipping-taxable","12":"purchasable","13":"product-type-simple"},"etheme_brands":{"errors":{"invalid_taxonomy":["Taxonomia inv\u00e1lida."]},"error_data":[]},"_links":{"self":[{"href":"https:\/\/wetankservicos.com\/pt\/wp-json\/wp\/v2\/product\/2242","targetHints":{"allow":["GET"]}}],"collection":[{"href":"https:\/\/wetankservicos.com\/pt\/wp-json\/wp\/v2\/product"}],"about":[{"href":"https:\/\/wetankservicos.com\/pt\/wp-json\/wp\/v2\/types\/product"}],"version-history":[{"count":1,"href":"https:\/\/wetankservicos.com\/pt\/wp-json\/wp\/v2\/product\/2242\/revisions"}],"predecessor-version":[{"id":2462,"href":"https:\/\/wetankservicos.com\/pt\/wp-json\/wp\/v2\/product\/2242\/revisions\/2462"}],"wp:featuredmedia":[{"embeddable":true,"href":"https:\/\/wetankservicos.com\/pt\/wp-json\/wp\/v2\/media\/2461"}],"wp:attachment":[{"href":"https:\/\/wetankservicos.com\/pt\/wp-json\/wp\/v2\/media?parent=2242"}],"wp:term":[{"taxonomy":"product_brand","embeddable":true,"href":"https:\/\/wetankservicos.com\/pt\/wp-json\/wp\/v2\/product_brand?post=2242"},{"taxonomy":"product_cat","embeddable":true,"href":"https:\/\/wetankservicos.com\/pt\/wp-json\/wp\/v2\/product_cat?post=2242"},{"taxonomy":"product_tag","embeddable":true,"href":"https:\/\/wetankservicos.com\/pt\/wp-json\/wp\/v2\/product_tag?post=2242"}],"curies":[{"name":"wp","href":"https:\/\/api.w.org\/{rel}","templated":true}]}}