{"id":2206,"date":"2024-08-07T13:01:49","date_gmt":"2024-08-07T13:01:49","guid":{"rendered":"https:\/\/wetankservicos.com\/?post_type=product&#038;p=2206"},"modified":"2024-08-07T13:33:20","modified_gmt":"2024-08-07T13:33:20","slug":"contentor-maritimo-first-voyage-de-20-pes-1-porta-de-servico","status":"publish","type":"product","link":"https:\/\/wetankservicos.com\/pt\/produto\/contentor-maritimo-first-voyage-de-20-pes-1-porta-de-servico\/","title":{"rendered":"Contentor mar\u00edtimo First Voyage de 20 p\u00e9s (1 porta de servi\u00e7o)"},"content":{"rendered":"","protected":false},"excerpt":{"rendered":"<p>DESCRI\u00c7\u00c3O<\/p>\n<p>Ref.: 000608<\/p>\n<p>Material: Contentor mar\u00edtimo<br \/>\nModelo: 20\u2032 DRY<br \/>\nCondi\u00e7\u00e3o: 1\u00aa viagem*<br \/>\nDimens\u00f5es exteriores: C.6.05 x L.2.44 x A.2.59m<br \/>\nDimens\u00f5es interiores: C.5.90 x L.2.350 x A.2.390m<br \/>\n\u00c1rea de superf\u00edcie: 15m\u00b2.<br \/>\nVolume: 33m\u00b3<br \/>\nPeso vazio: 2300 kg<br \/>\nCapacidade de carga: 28000 kg<\/p>\n<p>Caracter\u00edsticas especiais: 1 porta de servi\u00e7o de acordo com os regulamentos mar\u00edtimos em EOD<\/p>\n<p>*Primeira viagem: utilizado apenas uma vez com uma carga do pa\u00eds de produ\u00e7\u00e3o para o pa\u00eds de destino final.<br \/>\nO contentor pode, portanto, sofrer alguns danos devido \u00e0s manobras de carga e descarga.<\/p>\n<p>Fotos ilustrativas de um modelo semelhante.<\/p>\n<p>\u00a1\u00a1!! Oferta promocional v\u00e1lida para material em stock.<\/p>","protected":false},"featured_media":2431,"template":"","meta":[],"product_brand":[],"product_cat":[69,54],"product_tag":[],"class_list":{"0":"post-2206","1":"product","2":"type-product","3":"status-publish","4":"has-post-thumbnail","6":"product_cat-contentores-de-20-pes-e-6-metros","7":"product_cat-contentores-usados","9":"first","10":"instock","11":"shipping-taxable","12":"purchasable","13":"product-type-simple"},"etheme_brands":{"errors":{"invalid_taxonomy":["Taxonomia inv\u00e1lida."]},"error_data":[]},"_links":{"self":[{"href":"https:\/\/wetankservicos.com\/pt\/wp-json\/wp\/v2\/product\/2206","targetHints":{"allow":["GET"]}}],"collection":[{"href":"https:\/\/wetankservicos.com\/pt\/wp-json\/wp\/v2\/product"}],"about":[{"href":"https:\/\/wetankservicos.com\/pt\/wp-json\/wp\/v2\/types\/product"}],"version-history":[{"count":1,"href":"https:\/\/wetankservicos.com\/pt\/wp-json\/wp\/v2\/product\/2206\/revisions"}],"predecessor-version":[{"id":2432,"href":"https:\/\/wetankservicos.com\/pt\/wp-json\/wp\/v2\/product\/2206\/revisions\/2432"}],"wp:featuredmedia":[{"embeddable":true,"href":"https:\/\/wetankservicos.com\/pt\/wp-json\/wp\/v2\/media\/2431"}],"wp:attachment":[{"href":"https:\/\/wetankservicos.com\/pt\/wp-json\/wp\/v2\/media?parent=2206"}],"wp:term":[{"taxonomy":"product_brand","embeddable":true,"href":"https:\/\/wetankservicos.com\/pt\/wp-json\/wp\/v2\/product_brand?post=2206"},{"taxonomy":"product_cat","embeddable":true,"href":"https:\/\/wetankservicos.com\/pt\/wp-json\/wp\/v2\/product_cat?post=2206"},{"taxonomy":"product_tag","embeddable":true,"href":"https:\/\/wetankservicos.com\/pt\/wp-json\/wp\/v2\/product_tag?post=2206"}],"curies":[{"name":"wp","href":"https:\/\/api.w.org\/{rel}","templated":true}]}}