{"id":2197,"date":"2024-08-07T13:01:21","date_gmt":"2024-08-07T13:01:21","guid":{"rendered":"https:\/\/wetankservicos.com\/?post_type=product&#038;p=2197"},"modified":"2026-04-21T19:01:15","modified_gmt":"2026-04-21T19:01:15","slug":"contentor-20-pes-mobilado-escritorio-modular","status":"publish","type":"product","link":"https:\/\/wetankservicos.com\/pt\/produto\/contentor-20-pes-mobilado-escritorio-modular\/","title":{"rendered":"Contentor 20 p\u00e9s mobilado escrit\u00f3rio modular"},"content":{"rendered":"<p data-start=\"88\" data-end=\"102\">Ref.: 000606<\/p>\n<p data-start=\"104\" data-end=\"395\">Contentor mar\u00edtimo 20 p\u00e9s DRY transformado e mobilado, concebido para utiliza\u00e7\u00e3o imediata como espa\u00e7o funcional, escrit\u00f3rio ou solu\u00e7\u00e3o modular. Baseado num contentor de 1\u00aa viagem, mant\u00e9m uma estrutura robusta em a\u00e7o, garantindo resist\u00eancia e durabilidade para uso profissional ou particular.<\/p>\n<p data-start=\"397\" data-end=\"679\">Este modelo foi adaptado com equipamentos e acabamentos interiores, oferecendo um espa\u00e7o j\u00e1 equipado e pronto a utilizar. Pode apresentar ligeiros sinais de manuseamento devido ao seu transporte inicial, como pequenas marcas ou vest\u00edgios superficiais, sem impacto na funcionalidade.<\/p>\n<p data-start=\"681\" data-end=\"848\">A configura\u00e7\u00e3o inclui elementos de abertura, ilumina\u00e7\u00e3o natural e solu\u00e7\u00f5es de arruma\u00e7\u00e3o, tornando-o uma solu\u00e7\u00e3o pr\u00e1tica e vers\u00e1til para diferentes tipos de utiliza\u00e7\u00e3o.<\/p>\n<p data-start=\"850\" data-end=\"884\"><strong data-start=\"850\" data-end=\"882\">Caracter\u00edsticas principais :<\/strong><\/p>\n<ul data-start=\"885\" data-end=\"1120\">\n<li data-section-id=\"jd4nof\" data-start=\"885\" data-end=\"912\">Modelo: 20\u2032 DRY montado<\/li>\n<li data-section-id=\"1n9lnkg\" data-start=\"913\" data-end=\"934\">Estado: 1\u00aa viagem<\/li>\n<li data-section-id=\"1smy6vw\" data-start=\"935\" data-end=\"975\">Estrutura: contentor mar\u00edtimo em a\u00e7o<\/li>\n<li data-section-id=\"1e0rhef\" data-start=\"976\" data-end=\"1036\">Utiliza\u00e7\u00e3o: escrit\u00f3rio, espa\u00e7o modular, instala\u00e7\u00e3o m\u00f3vel<\/li>\n<li data-section-id=\"1dte9e1\" data-start=\"1037\" data-end=\"1097\">Condi\u00e7\u00e3o: pode apresentar sinais ligeiros de uso externo<\/li>\n<li data-section-id=\"11omtq3\" data-start=\"1098\" data-end=\"1120\">Refer\u00eancia: 000606<\/li>\n<\/ul>\n<p data-start=\"1122\" data-end=\"1139\"><strong data-start=\"1122\" data-end=\"1137\">Dimens\u00f5es :<\/strong><\/p>\n<ul data-start=\"1140\" data-end=\"1327\">\n<li data-section-id=\"qvfbqe\" data-start=\"1140\" data-end=\"1174\">Exterior: 6,05 x 2,44 x 2,59 m<\/li>\n<li data-section-id=\"x8bzir\" data-start=\"1175\" data-end=\"1209\">Interior: 5,90 x 2,35 x 2,39 m<\/li>\n<li data-section-id=\"3q9n9p\" data-start=\"1210\" data-end=\"1231\">Superf\u00edcie: 14 m\u00b2<\/li>\n<li data-section-id=\"1jzdclg\" data-start=\"1232\" data-end=\"1249\">Volume: 33 m\u00b3<\/li>\n<li data-section-id=\"11s5djr\" data-start=\"1250\" data-end=\"1292\">Peso vazio: 2.650 kg (com equipamento)<\/li>\n<li data-section-id=\"1gftnr4\" data-start=\"1293\" data-end=\"1327\">Capacidade de carga: 28.000 kg<\/li>\n<\/ul>\n<p data-start=\"1329\" data-end=\"1362\"><strong data-start=\"1329\" data-end=\"1360\">Equipamentos \/ acess\u00f3rios :<\/strong><\/p>\n<ul data-start=\"1363\" data-end=\"1611\">\n<li data-section-id=\"eid8ri\" data-start=\"1363\" data-end=\"1412\">1 porta de correr em madeira (2100 x 2200 mm)<\/li>\n<li data-section-id=\"1sd06k9\" data-start=\"1413\" data-end=\"1446\">Caixilho para porta de correr<\/li>\n<li data-section-id=\"yn1cfw\" data-start=\"1447\" data-end=\"1504\">1 caixilharia em a\u00e7o \/ policarbonato (2000 x 2150 mm)<\/li>\n<li data-section-id=\"9gpp3h\" data-start=\"1505\" data-end=\"1542\">Pintura dos elementos modificados<\/li>\n<li data-section-id=\"1hydy4j\" data-start=\"1543\" data-end=\"1611\">3 prateleiras especiais para contentores + tabuleiros em madeira<\/li>\n<\/ul>\n<p data-start=\"1613\" data-end=\"1726\" data-is-last-node=\"\" data-is-only-node=\"\">Este contentor mobilado \u00e9 uma solu\u00e7\u00e3o completa e funcional, pronta a utilizar com conforto e efici\u00eancia imediata.<\/p>","protected":false},"excerpt":{"rendered":"<section class=\"text-token-text-primary w-full focus:outline-none [--shadow-height:45px] has-data-writing-block:pointer-events-none has-data-writing-block:-mt-(--shadow-height) has-data-writing-block:pt-(--shadow-height) [&amp;:has([data-writing-block])&gt;*]:pointer-events-auto [content-visibility:auto] supports-[content-visibility:auto]:[contain-intrinsic-size:auto_100lvh] R6Vx5W_threadScrollVars scroll-mb-[calc(var(--scroll-root-safe-area-inset-bottom,0px)+var(--thread-response-height))] scroll-mt-[calc(var(--header-height)+min(200px,max(70px,20svh)))]\" dir=\"auto\" data-turn-id=\"request-69e7c3ca-622c-83ea-bfb3-4f71591ba9f8-27\" data-testid=\"conversation-turn-58\" data-scroll-anchor=\"false\" data-turn=\"assistant\">\n<div class=\"text-base my-auto mx-auto pb-10 [--thread-content-margin:var(--thread-content-margin-xs,calc(var(--spacing)*4))] @w-sm\/main:[--thread-content-margin:var(--thread-content-margin-sm,calc(var(--spacing)*6))] @w-lg\/main:[--thread-content-margin:var(--thread-content-margin-lg,calc(var(--spacing)*16))] px-(--thread-content-margin)\">\n<div class=\"[--thread-content-max-width:40rem] @w-lg\/main:[--thread-content-max-width:48rem] mx-auto max-w-(--thread-content-max-width) flex-1 group\/turn-messages focus-visible:outline-hidden relative flex w-full min-w-0 flex-col agent-turn\">\n<div class=\"flex max-w-full flex-col gap-4 grow\">\n<div class=\"min-h-8 text-message relative flex w-full flex-col items-end gap-2 text-start break-words whitespace-normal outline-none keyboard-focused:focus-ring [.text-message+&amp;]:mt-1\" dir=\"auto\" tabindex=\"0\" data-message-author-role=\"assistant\" data-message-id=\"3b7fbb20-d42a-4037-9dc4-22a0137d7d4f\" data-message-model-slug=\"gpt-5-3-mini\" data-turn-start-message=\"true\">\n<div class=\"flex w-full flex-col gap-1 empty:hidden\">\n<div class=\"markdown prose dark:prose-invert w-full wrap-break-word dark markdown-new-styling\">\n<p data-start=\"0\" data-end=\"303\" data-is-last-node=\"\" data-is-only-node=\"\">Contentor mar\u00edtimo 20 p\u00e9s DRY mobilado (1\u00aa viagem), equipado e transformado para utiliza\u00e7\u00e3o imediata, ideal como escrit\u00f3rio, espa\u00e7o modular ou instala\u00e7\u00e3o profissional. Robusto, funcional e j\u00e1 adaptado com equipamentos e acabamentos interiores, pronto a ser utilizado sem necessidade de obras adicionais.<\/p>\n<\/div>\n<\/div>\n<\/div>\n<\/div>\n<\/div>\n<\/div>\n<\/section>\n","protected":false},"featured_media":2422,"template":"","meta":[],"product_brand":[],"product_cat":[73,54],"product_tag":[],"class_list":{"0":"post-2197","1":"product","2":"type-product","3":"status-publish","4":"has-post-thumbnail","6":"product_cat-contentor-bar","7":"product_cat-contentores-usados","9":"first","10":"instock","11":"shipping-taxable","12":"purchasable","13":"product-type-simple"},"etheme_brands":{"errors":{"invalid_taxonomy":["Taxonomia inv\u00e1lida."]},"error_data":[]},"_links":{"self":[{"href":"https:\/\/wetankservicos.com\/pt\/wp-json\/wp\/v2\/product\/2197","targetHints":{"allow":["GET"]}}],"collection":[{"href":"https:\/\/wetankservicos.com\/pt\/wp-json\/wp\/v2\/product"}],"about":[{"href":"https:\/\/wetankservicos.com\/pt\/wp-json\/wp\/v2\/types\/product"}],"version-history":[{"count":3,"href":"https:\/\/wetankservicos.com\/pt\/wp-json\/wp\/v2\/product\/2197\/revisions"}],"predecessor-version":[{"id":2740,"href":"https:\/\/wetankservicos.com\/pt\/wp-json\/wp\/v2\/product\/2197\/revisions\/2740"}],"wp:featuredmedia":[{"embeddable":true,"href":"https:\/\/wetankservicos.com\/pt\/wp-json\/wp\/v2\/media\/2422"}],"wp:attachment":[{"href":"https:\/\/wetankservicos.com\/pt\/wp-json\/wp\/v2\/media?parent=2197"}],"wp:term":[{"taxonomy":"product_brand","embeddable":true,"href":"https:\/\/wetankservicos.com\/pt\/wp-json\/wp\/v2\/product_brand?post=2197"},{"taxonomy":"product_cat","embeddable":true,"href":"https:\/\/wetankservicos.com\/pt\/wp-json\/wp\/v2\/product_cat?post=2197"},{"taxonomy":"product_tag","embeddable":true,"href":"https:\/\/wetankservicos.com\/pt\/wp-json\/wp\/v2\/product_tag?post=2197"}],"curies":[{"name":"wp","href":"https:\/\/api.w.org\/{rel}","templated":true}]}}