{"id":2168,"date":"2024-08-07T13:00:12","date_gmt":"2024-08-07T13:00:12","guid":{"rendered":"https:\/\/wetankservicos.com\/?post_type=product&#038;p=2168"},"modified":"2024-08-07T13:10:22","modified_gmt":"2024-08-07T13:10:22","slug":"wc-61-aco","status":"publish","type":"product","link":"https:\/\/wetankservicos.com\/pt\/produto\/wc-61-aco\/","title":{"rendered":"WC 6+1 A\u00c7O"},"content":{"rendered":"<p>ESPECIFICA\u00c7\u00d5ES DO PRODUTO<br \/>\nComprimento exterior (m)<br \/>\n9,76<\/p>\n<p>Largura exterior (m)<br \/>\n3.05<\/p>\n<p>Altura exterior (m)<br \/>\n2,75<\/p>\n<p>Comprimento interior (m)<br \/>\n9,51<\/p>\n<p>Largura interior (m)<br \/>\n2,75<\/p>\n<p>Altura interior (m)<br \/>\n2.33<\/p>\n<p>Largura da porta (m)<br \/>\n0,79<\/p>\n<p>Altura da porta (m)<br \/>\n1,99<\/p>\n<p>Peso kg)<br \/>\n5225<\/p>\n<p>Tipo de terreno<br \/>\naglomerado de 18mm<\/p>\n<p>Piso interno<br \/>\nVinil de 2mm<\/p>\n<p>Revestimento de parede interior<br \/>\nContraplacado revestido a vinil<\/p>\n<p>Requisitos el\u00e9tricos. (amplificadores)<br \/>\n32 amperes<\/p>","protected":false},"excerpt":{"rendered":"<p>Ref.: 000510<\/p>\n<p>DETALHES DO PRODUTO<br \/>\nEsta cabine de casa de banho 6+1 em a\u00e7o est\u00e1 dispon\u00edvel para venda em toda a Espanha<\/p>\n<p>CARACTER\u00cdSTICAS DO DEP\u00d3SITO DE A\u00c7O 6+1<br \/>\nExterno<\/p>\n<p>Constru\u00e7\u00e3o em a\u00e7o resistente ao vandalismo<br \/>\n2 portas exteriores em a\u00e7o com fechadura<br \/>\nSem janelas (apenas exaustores)<br \/>\nEst\u00e1 localizado nos postes de canto, sem necessidade de jacklegs<br \/>\nExaustores instalados, sem necessidade de janelas<br \/>\ninterno<\/p>\n<p>piso vin\u00edlico selado<br \/>\nLimpe os pain\u00e9is de parede<br \/>\nParedes e teto isolados<br \/>\nSanit\u00e1rios, lavat\u00f3rios, urin\u00f3is, aquecedores de \u00e1gua<br \/>\nilumina\u00e7\u00e3o de tira fluorescente<br \/>\nRadiadores tubulares<br \/>\nVentiladores extratores<br \/>\ntestado eletricamente<\/p>","protected":false},"featured_media":2381,"template":"","meta":[],"product_brand":[],"product_cat":[72,78],"product_tag":[],"class_list":{"0":"post-2168","1":"product","2":"type-product","3":"status-publish","4":"has-post-thumbnail","6":"product_cat-casa-de-contentores","7":"product_cat-casas-de-banho-e-duchas","9":"first","10":"instock","11":"shipping-taxable","12":"purchasable","13":"product-type-simple"},"etheme_brands":{"errors":{"invalid_taxonomy":["Taxonomia inv\u00e1lida."]},"error_data":[]},"_links":{"self":[{"href":"https:\/\/wetankservicos.com\/pt\/wp-json\/wp\/v2\/product\/2168","targetHints":{"allow":["GET"]}}],"collection":[{"href":"https:\/\/wetankservicos.com\/pt\/wp-json\/wp\/v2\/product"}],"about":[{"href":"https:\/\/wetankservicos.com\/pt\/wp-json\/wp\/v2\/types\/product"}],"version-history":[{"count":1,"href":"https:\/\/wetankservicos.com\/pt\/wp-json\/wp\/v2\/product\/2168\/revisions"}],"predecessor-version":[{"id":2382,"href":"https:\/\/wetankservicos.com\/pt\/wp-json\/wp\/v2\/product\/2168\/revisions\/2382"}],"wp:featuredmedia":[{"embeddable":true,"href":"https:\/\/wetankservicos.com\/pt\/wp-json\/wp\/v2\/media\/2381"}],"wp:attachment":[{"href":"https:\/\/wetankservicos.com\/pt\/wp-json\/wp\/v2\/media?parent=2168"}],"wp:term":[{"taxonomy":"product_brand","embeddable":true,"href":"https:\/\/wetankservicos.com\/pt\/wp-json\/wp\/v2\/product_brand?post=2168"},{"taxonomy":"product_cat","embeddable":true,"href":"https:\/\/wetankservicos.com\/pt\/wp-json\/wp\/v2\/product_cat?post=2168"},{"taxonomy":"product_tag","embeddable":true,"href":"https:\/\/wetankservicos.com\/pt\/wp-json\/wp\/v2\/product_tag?post=2168"}],"curies":[{"name":"wp","href":"https:\/\/api.w.org\/{rel}","templated":true}]}}