{"id":2139,"date":"2024-08-07T12:59:12","date_gmt":"2024-08-07T12:59:12","guid":{"rendered":"https:\/\/wetankservicos.com\/?post_type=product&#038;p=2139"},"modified":"2024-08-07T13:08:57","modified_gmt":"2024-08-07T13:08:57","slug":"cabine-dupla","status":"publish","type":"product","link":"https:\/\/wetankservicos.com\/pt\/produto\/cabine-dupla\/","title":{"rendered":"CABINE DUPLA"},"content":{"rendered":"<p>ESPECIFICA\u00c7\u00d5ES DO PRODUTO<br \/>\nComprimento exterior (m)<br \/>\n6.7<\/p>\n<p>Largura exterior (m)<br \/>\n2,74<\/p>\n<p>Altura exterior (m)<br \/>\n2,49<\/p>\n<p>Tipo de piso<br \/>\naglomerado de 18mm<\/p>\n<p>N\u00famero de janelas<br \/>\n2<\/p>\n<p>N\u00famero de tomadas duplas 13A<br \/>\n4<\/p>\n<p>N\u00famero de tiras ou luzes LED<br \/>\n3<\/p>\n<p>Piso interno<br \/>\nEm vinil<\/p>","protected":false},"excerpt":{"rendered":"<p>Ref.: 000501<\/p>\n<p>DETALHES DO PRODUTO<br \/>\nEsta cabine-dormit\u00f3rio modular m\u00f3vel de 22 p\u00e9s x 9 p\u00e9s possui dois quartos separados e uma \u00e1rea de estar central com kitchenette e casa de banho\/duche. Foi concebido para oferecer acomoda\u00e7\u00f5es confort\u00e1veis \u200b\u200bquando e onde precisar.<\/p>\n<p>Os quartos podem acomodar duas pessoas em camas individuais (uma por quarto) ou 4 pessoas se optar por beliches. A zona de prepara\u00e7\u00e3o de alimentos inclui placa, micro-ondas, placa vitrocer\u00e2mica, exaustor, chaleira, arruma\u00e7\u00e3o e lava-loi\u00e7a.<\/p>\n<p>As unidades podem ser empilhadas em pares se o espa\u00e7o for limitado.<\/p>\n<p>A unidade cama est\u00e1 equipada com dispositivos de poupan\u00e7a de energia, incluindo tecnologia de detec\u00e7\u00e3o de carga Ecosmart para gerir as necessidades de energia e luzes LED para reduzir o consumo de energia. As liga\u00e7\u00f5es de servi\u00e7o incluem uma sa\u00edda de drenagem padr\u00e3o de 110 mm, uma entrada de \u00e1gua urbana atrav\u00e9s de uma mangueira de 15 mm e uma liga\u00e7\u00e3o el\u00e9trica de 32 A.<\/p>\n<p>VANTAGENS DA CABINE DUPLA<br \/>\nParedes de a\u00e7o totalmente isoladas<br \/>\nPavimento de vinil isolado resistente ao desgaste<br \/>\nTomadas de carregamento USB e luzes de leitura nos quartos<br \/>\nP\u00e9s ajust\u00e1veis \u200b\u200bintegrados nos cantos.<br \/>\nJanelas em PVC com estores de seguran\u00e7a e porta de seguran\u00e7a resistente com fechadura<br \/>\nExtintores de inc\u00eandio padr\u00e3o, detetores de fumo e mon\u00f3xido de carbono<br \/>\nParedes e superf\u00edcies f\u00e1ceis de limpar<br \/>\nEsta cabine dupla est\u00e1 dispon\u00edvel para venda e entrega em toda a It\u00e1lia.<\/p>","protected":false},"featured_media":2349,"template":"","meta":[],"product_brand":[],"product_cat":[74,72,54],"product_tag":[],"class_list":{"0":"post-2139","1":"product","2":"type-product","3":"status-publish","4":"has-post-thumbnail","6":"product_cat-cabines-e-servicos-sanitarios","7":"product_cat-casa-de-contentores","8":"product_cat-contentores-usados","10":"first","11":"instock","12":"shipping-taxable","13":"purchasable","14":"product-type-simple"},"etheme_brands":{"errors":{"invalid_taxonomy":["Taxonomia inv\u00e1lida."]},"error_data":[]},"_links":{"self":[{"href":"https:\/\/wetankservicos.com\/pt\/wp-json\/wp\/v2\/product\/2139","targetHints":{"allow":["GET"]}}],"collection":[{"href":"https:\/\/wetankservicos.com\/pt\/wp-json\/wp\/v2\/product"}],"about":[{"href":"https:\/\/wetankservicos.com\/pt\/wp-json\/wp\/v2\/types\/product"}],"version-history":[{"count":1,"href":"https:\/\/wetankservicos.com\/pt\/wp-json\/wp\/v2\/product\/2139\/revisions"}],"predecessor-version":[{"id":2350,"href":"https:\/\/wetankservicos.com\/pt\/wp-json\/wp\/v2\/product\/2139\/revisions\/2350"}],"wp:featuredmedia":[{"embeddable":true,"href":"https:\/\/wetankservicos.com\/pt\/wp-json\/wp\/v2\/media\/2349"}],"wp:attachment":[{"href":"https:\/\/wetankservicos.com\/pt\/wp-json\/wp\/v2\/media?parent=2139"}],"wp:term":[{"taxonomy":"product_brand","embeddable":true,"href":"https:\/\/wetankservicos.com\/pt\/wp-json\/wp\/v2\/product_brand?post=2139"},{"taxonomy":"product_cat","embeddable":true,"href":"https:\/\/wetankservicos.com\/pt\/wp-json\/wp\/v2\/product_cat?post=2139"},{"taxonomy":"product_tag","embeddable":true,"href":"https:\/\/wetankservicos.com\/pt\/wp-json\/wp\/v2\/product_tag?post=2139"}],"curies":[{"name":"wp","href":"https:\/\/api.w.org\/{rel}","templated":true}]}}