{"id":2114,"date":"2024-08-07T12:58:04","date_gmt":"2024-08-07T12:58:04","guid":{"rendered":"https:\/\/wetankservicos.com\/?post_type=product&#038;p=2114"},"modified":"2024-08-07T13:08:24","modified_gmt":"2024-08-07T13:08:24","slug":"cabine-jackleg-de-bureau-de-48-pi-x-10-pi","status":"publish","type":"product","link":"https:\/\/wetankservicos.com\/pt\/produto\/cabine-jackleg-de-bureau-de-48-pi-x-10-pi\/","title":{"rendered":"CABINE JACKLEG DE BUREAU DE 48 PI X 10 PI"},"content":{"rendered":"<p>ESPECIFICA\u00c7\u00d5ES DO PRODUTO<br \/>\nComprimento exterior (m)<br \/>\n14.63<\/p>\n<p>Largura exterior sem cilindros (m)<br \/>\n3.05<\/p>\n<p>Largura exterior com cilindros (m)<br \/>\n3.18<\/p>\n<p>Altura exterior (m)<br \/>\n2.75<\/p>\n<p>Comprimento interno (m)<br \/>\n14:43<\/p>\n<p>Largura interior (m)<br \/>\n2.85<\/p>\n<p>Altura interior (m)<br \/>\n2.23<\/p>\n<p>Largura da porta (m)<br \/>\n0.81<\/p>\n<p>Altura da porta (m)<br \/>\n2.07<\/p>\n<p>Peso (kg)<br \/>\n5400<\/p>\n<p>Tipo de pavimento<br \/>\nAglomerado de part\u00edculas de 18 mm<\/p>\n<p>N\u00famero de janelas UPVc climalit<br \/>\n8<\/p>\n<p>N\u00famero de fitas ou luzes LED<br \/>\nsete<\/p>\n<p>Pain\u00e9is de aquecimento com temporizador<br \/>\n4<\/p>\n<p>N\u00famero de tomadas duplas de 13A<br \/>\n8<\/p>\n<p>Pavimento interior<br \/>\nVinil de 2 mm<\/p>\n<p>Revestimento das paredes interiores<br \/>\nPlacas de gesso cartonado revestidas a vinil<\/p>\n<p>Requisitos el\u00e9ctricos (amperes)<\/p>","protected":false},"excerpt":{"rendered":"<p>Ref.: 000490<\/p>\n<p>DETALHES DO PRODUTO<br \/>\nO nosso cub\u00edculo de escrit\u00f3rio port\u00e1til Jackleg de 48 p\u00e9s vem com um acabamento exterior em plastisol. O acabamento Plastisol consiste em contraplacado do Extremo Oriente de 9mm laminado com chapa de a\u00e7o plastificada. Isto confere \u00e0s nossas cabines um acabamento dur\u00e1vel, de baixa manuten\u00e7\u00e3o e atraente, adequado para uma variedade de utiliza\u00e7\u00f5es. Um acabamento tradicional texturizado e pintado tamb\u00e9m est\u00e1 dispon\u00edvel mediante pedido.<\/p>\n<p>CARACTER\u00cdSTICAS DA NOVA CABINE DE ESCRIT\u00d3RIO PORT\u00c1TIL JACKLEG DE 48 P\u00c9S<br \/>\nEXTERNO<br \/>\nPernas cil\u00edndricas com ponto fixo<br \/>\nAcabamento plastisol<br \/>\nPacotes de seguran\u00e7a dispon\u00edveis com coberturas de malha ou persianas de a\u00e7o<br \/>\ngama de cores<br \/>\nINTERNO<br \/>\nPiso vin\u00edlico selado<br \/>\nParedes em gesso cartonado com revestimento vin\u00edlico texturado<br \/>\nIsolamento de paredes, tetos e pavimentos<br \/>\nUnidade consumidora instalada<br \/>\n4 pain\u00e9is de aquecimento el\u00e9trico cronometrados<br \/>\n8 janelas em PVC com vidro duplo<br \/>\n8 tomadas duplas<br \/>\n7 luzes<\/p>","protected":false},"featured_media":2342,"template":"","meta":[],"product_brand":[],"product_cat":[74,72,54],"product_tag":[],"class_list":{"0":"post-2114","1":"product","2":"type-product","3":"status-publish","4":"has-post-thumbnail","6":"product_cat-cabines-e-servicos-sanitarios","7":"product_cat-casa-de-contentores","8":"product_cat-contentores-usados","10":"first","11":"instock","12":"shipping-taxable","13":"purchasable","14":"product-type-simple"},"etheme_brands":{"errors":{"invalid_taxonomy":["Taxonomia inv\u00e1lida."]},"error_data":[]},"_links":{"self":[{"href":"https:\/\/wetankservicos.com\/pt\/wp-json\/wp\/v2\/product\/2114","targetHints":{"allow":["GET"]}}],"collection":[{"href":"https:\/\/wetankservicos.com\/pt\/wp-json\/wp\/v2\/product"}],"about":[{"href":"https:\/\/wetankservicos.com\/pt\/wp-json\/wp\/v2\/types\/product"}],"version-history":[{"count":1,"href":"https:\/\/wetankservicos.com\/pt\/wp-json\/wp\/v2\/product\/2114\/revisions"}],"predecessor-version":[{"id":2343,"href":"https:\/\/wetankservicos.com\/pt\/wp-json\/wp\/v2\/product\/2114\/revisions\/2343"}],"wp:featuredmedia":[{"embeddable":true,"href":"https:\/\/wetankservicos.com\/pt\/wp-json\/wp\/v2\/media\/2342"}],"wp:attachment":[{"href":"https:\/\/wetankservicos.com\/pt\/wp-json\/wp\/v2\/media?parent=2114"}],"wp:term":[{"taxonomy":"product_brand","embeddable":true,"href":"https:\/\/wetankservicos.com\/pt\/wp-json\/wp\/v2\/product_brand?post=2114"},{"taxonomy":"product_cat","embeddable":true,"href":"https:\/\/wetankservicos.com\/pt\/wp-json\/wp\/v2\/product_cat?post=2114"},{"taxonomy":"product_tag","embeddable":true,"href":"https:\/\/wetankservicos.com\/pt\/wp-json\/wp\/v2\/product_tag?post=2114"}],"curies":[{"name":"wp","href":"https:\/\/api.w.org\/{rel}","templated":true}]}}