{"id":2071,"date":"2024-08-07T12:56:58","date_gmt":"2024-08-07T12:56:58","guid":{"rendered":"https:\/\/wetankservicos.com\/?post_type=product&#038;p=2071"},"modified":"2024-08-07T13:06:50","modified_gmt":"2024-08-07T13:06:50","slug":"contenitore-piatto-da-8-m-x-21-m-con-attacchi-terminali-verniciato-a-polvere","status":"publish","type":"product","link":"https:\/\/wetankservicos.com\/pt\/produto\/contenitore-piatto-da-8-m-x-21-m-con-attacchi-terminali-verniciato-a-polvere\/","title":{"rendered":"CONTENITORE PIATTO DA 8 M X 2,1 M CON ATTACCHI TERMINALI (VERNICIATO A POLVERE)"},"content":{"rendered":"<p>ESPECIFICA\u00c7\u00d5ES DO PRODUTO<br \/>\nComprimento exterior (m)<br \/>\n7,86<\/p>\n<p>Largura exterior (m)<br \/>\n2.14<\/p>\n<p>Altura exterior (m)<br \/>\n2.09<\/p>\n<p>Comprimento interior (m)<br \/>\n7,56<\/p>\n<p>Largura interior (m)<br \/>\n1,99<\/p>\n<p>Altura interior (m)<br \/>\n1,95<\/p>\n<p>Largura da porta (m)<br \/>\n1,25<\/p>\n<p>Altura da porta (m)<br \/>\n1,88<\/p>\n<p>Peso (embalado) (kg)<br \/>\n842<\/p>\n<p>Peso da pe\u00e7a mais pesada (desmontada) (kg)<br \/>\n153<\/p>\n<p>Tipo de piso<br \/>\nPainel OSB de 15mm<\/p>\n<p>Altura (ch\u00e3o) (mm)<br \/>\n600<\/p>\n<p>Comprimento (plano) (m)<br \/>\n3,88<\/p>\n<p>Largura (plana) (m)<br \/>\n2.14<\/p>","protected":false},"excerpt":{"rendered":"<p>Ref.: 000477<\/p>\n<p>DETALHES DO PRODUTO<br \/>\nOferta promocional: por cada contentor plano adquirido online em maio, receber\u00e1 um pacote de seguran\u00e7a gratuito. Para usufruir da oferta, adicione o pacote de seguran\u00e7a gratuito \u00e0s op\u00e7\u00f5es de produtos do seu carrinho.<\/p>\n<p>Combinar contentores planos \u00e9 uma forma r\u00e1pida e f\u00e1cil de criar um armaz\u00e9m para materiais longos. A combina\u00e7\u00e3o de dois recipientes revestidos a p\u00f3 verde de 4m resulta num comprimento interno de 7,56m.<\/p>\n<p>Este pacote inclui:<\/p>\n<p>2 recipientes planos galvanizados de 4m (QF257)<br \/>\n1 x kit de liga\u00e7\u00e3o final (QF582)<br \/>\nEsta combina\u00e7\u00e3o de unidades \u00e9 particularmente popular entre empresas de constru\u00e7\u00e3o, empresas de servi\u00e7os e comerciantes independentes (como eletricistas e canalizadores). Esta configura\u00e7\u00e3o tamb\u00e9m \u00e9 popular entre clubes desportivos e grupos juvenis para armazenar artigos mais compridos.<\/p>\n<p>O revestimento em p\u00f3 verde (RAL6005) torna a tenda ideal para uma utiliza\u00e7\u00e3o discreta, principalmente quando utilizada em casa, no jardim ou num campo desportivo.<\/p>\n<p>Esta configura\u00e7\u00e3o continua a oferecer todos os benef\u00edcios da gama de armazenamento plano, incluindo o facto de os componentes individuais poderem ser movidos manualmente e montados em locais inconvenientes atr\u00e1s ou mesmo no interior dos edif\u00edcios.<\/p>\n<p>Note que, com estes contentores de 4 m, provavelmente precisar\u00e1 de 4 a 6 pessoas fortes para o ajudar se precisar de mover manualmente as pe\u00e7as da zona de lan\u00e7amento para a \u00e1rea de montagem.<\/p>\n<p>Dentro da gama interligada, podem ser combinadas ou adicionadas diferentes combina\u00e7\u00f5es de tendas de 2m, 3m e 4m para criar o tamanho ideal para o equipamento que armazena e o espa\u00e7o dispon\u00edvel. N\u00e3o existe limite para o n\u00famero de contentores que podem ser montados e, se necess\u00e1rio, podem ser instaladas portas em ambas as extremidades para obter a m\u00e1xima flexibilidade na carga e descarga de mercadorias e materiais.<\/p>\n<p>Note que os contentores flatpack s\u00f3 podem ser ligados numa dire\u00e7\u00e3o, como de um lado ao outro ou de uma extremidade \u00e0 outra da mesma estrutura.<\/p>\n<p>Este lote de contentores flatpack conectados est\u00e1 dispon\u00edvel para venda e entrega em todo o Portugal.<\/p>","protected":false},"featured_media":2302,"template":"","meta":[],"product_brand":[],"product_cat":[67,54],"product_tag":[],"class_list":{"0":"post-2071","1":"product","2":"type-product","3":"status-publish","4":"has-post-thumbnail","6":"product_cat-contentor-removivel","7":"product_cat-contentores-usados","9":"first","10":"instock","11":"shipping-taxable","12":"purchasable","13":"product-type-simple"},"etheme_brands":{"errors":{"invalid_taxonomy":["Taxonomia inv\u00e1lida."]},"error_data":[]},"_links":{"self":[{"href":"https:\/\/wetankservicos.com\/pt\/wp-json\/wp\/v2\/product\/2071","targetHints":{"allow":["GET"]}}],"collection":[{"href":"https:\/\/wetankservicos.com\/pt\/wp-json\/wp\/v2\/product"}],"about":[{"href":"https:\/\/wetankservicos.com\/pt\/wp-json\/wp\/v2\/types\/product"}],"version-history":[{"count":1,"href":"https:\/\/wetankservicos.com\/pt\/wp-json\/wp\/v2\/product\/2071\/revisions"}],"predecessor-version":[{"id":2303,"href":"https:\/\/wetankservicos.com\/pt\/wp-json\/wp\/v2\/product\/2071\/revisions\/2303"}],"wp:featuredmedia":[{"embeddable":true,"href":"https:\/\/wetankservicos.com\/pt\/wp-json\/wp\/v2\/media\/2302"}],"wp:attachment":[{"href":"https:\/\/wetankservicos.com\/pt\/wp-json\/wp\/v2\/media?parent=2071"}],"wp:term":[{"taxonomy":"product_brand","embeddable":true,"href":"https:\/\/wetankservicos.com\/pt\/wp-json\/wp\/v2\/product_brand?post=2071"},{"taxonomy":"product_cat","embeddable":true,"href":"https:\/\/wetankservicos.com\/pt\/wp-json\/wp\/v2\/product_cat?post=2071"},{"taxonomy":"product_tag","embeddable":true,"href":"https:\/\/wetankservicos.com\/pt\/wp-json\/wp\/v2\/product_tag?post=2071"}],"curies":[{"name":"wp","href":"https:\/\/api.w.org\/{rel}","templated":true}]}}