{"id":2057,"date":"2024-08-07T12:56:26","date_gmt":"2024-08-07T12:56:26","guid":{"rendered":"https:\/\/wetankservicos.com\/?post_type=product&#038;p=2057"},"modified":"2024-08-07T13:05:32","modified_gmt":"2024-08-07T13:05:32","slug":"contentor-plano-de-6-m-x-21-m-com-ligacoes-nas-extremidades-revestido-a-po","status":"publish","type":"product","link":"https:\/\/wetankservicos.com\/pt\/produto\/contentor-plano-de-6-m-x-21-m-com-ligacoes-nas-extremidades-revestido-a-po\/","title":{"rendered":"CONTENTOR PLANO DE 6 M X 2,1 M COM LIGA\u00c7\u00d5ES NAS EXTREMIDADES (REVESTIDO A P\u00d3)"},"content":{"rendered":"<p>ESPECIFICA\u00c7\u00d5ES DO PRODUTO<br \/>\nComprimento exterior (m)<br \/>\n6h00<\/p>\n<p>Largura exterior (m)<br \/>\n2.14<\/p>\n<p>Altura exterior (m)<br \/>\n2.09<\/p>\n<p>Comprimento interior (m)<br \/>\n5,70<\/p>\n<p>Largura interior (m)<br \/>\n1,99<\/p>\n<p>Altura interior (m)<br \/>\n1,95<\/p>\n<p>Largura da porta (m)<br \/>\n1,25<\/p>\n<p>Altura da porta (m)<br \/>\n1,88<\/p>\n<p>Peso (embalado) (kg)<br \/>\n704<\/p>\n<p>Peso Parte mais pesada (desmontada) (kg)<br \/>\n120<\/p>\n<p>Tipo de piso<br \/>\nPainel OSB de 15mm<\/p>\n<p>Altura (ch\u00e3o) (mm)<br \/>\n600<\/p>\n<p>Comprimento (plano) (m)<br \/>\n2,95<\/p>\n<p>Largura (plana) (m)<br \/>\n2.14<\/p>\n<p>Traduzido com www.DeepL.com\/Translator (vers\u00e3o gratuita)<\/p>","protected":false},"excerpt":{"rendered":"<p>Ref.: 000473<\/p>\n<p>DETALHES DO PRODUTO<br \/>\nOferta promocional: Receba um pacote de seguran\u00e7a gratuito com cada embalagem plana comprada online em maio. Para usufruir desta oferta, adicione o pacote de seguran\u00e7a gratuito \u00e0s op\u00e7\u00f5es de produtos no seu carrinho.<\/p>\n<p>A liga\u00e7\u00e3o bout \u00e0 bout \u00e9 um m\u00e9todo r\u00e1pido e f\u00e1cil para criar um stock para materiais de grande durabilidade ou simplesmente para criar um armaz\u00e9m maior para se adaptar a um espa\u00e7o pequeno, por exemplo junto a uma garagem ou a um edif\u00edcio.<\/p>\n<p>A combina\u00e7\u00e3o de dois contentores verdes de 3m resulta num comprimento interno de 5,7m. Com todas as vantagens habituais da gama de contentores planos, incluindo o facto de os componentes individuais poderem ser movidos manualmente e montados em posi\u00e7\u00f5es inconvenientes atr\u00e1s ou mesmo no interior de edif\u00edcios, conforme necess\u00e1rio.<\/p>\n<p>Este pacote inclui:<\/p>\n<p>Carregadores planos revestidos a p\u00f3 de 2 x 3m (QF251)<br \/>\n1 kit de terminais (QF582)<br \/>\nAs partes constituintes de uma tenda de 3m podem ser deslocadas por 2 a 3 pessoas fortes.<\/p>\n<p>Para grupos desportivos e juvenis, \u00e9 comum ter de proteger artigos mais longos contra roubo e intemp\u00e9ries para artigos t\u00e3o diversos como canoas, mastros de veleiros e postes de baliza. Dentro da gama combinada \u00e9 poss\u00edvel compor diferentes combina\u00e7\u00f5es de armaz\u00e9ns de 2m, 3m e 4m para criar o tamanho ideal para o equipamento a armazenar e o espa\u00e7o dispon\u00edvel. N\u00e3o existe limite para o n\u00famero de contentores que podem ser instalados e podem ser instaladas portas em qualquer extremidade, se necess\u00e1rio, para a m\u00e1xima flexibilidade na carga e descarga de mercadorias e materiais.<\/p>\n<p>O revestimento em p\u00f3 verde (RAL6005) torna a tenda ideal para uma utiliza\u00e7\u00e3o discreta, principalmente quando utilizada em casa, no jardim ou num campo desportivo. Muitos utilizadores procuram uma alternativa ao contentor de transporte \u2013 as unidades planas unidas nas extremidades oferecem uma solu\u00e7\u00e3o de armazenamento muito menos intrusiva para muitos utilizadores.<\/p>\n<p>Note que esta combina\u00e7\u00e3o n\u00e3o \u00e9 adequada para armazenar equipamentos com 6 m de comprimento.<\/p>\n<p>Note que os recipientes planos s\u00f3 podem ser unidos numa dire\u00e7\u00e3o, por exemplo: lado a lado ou de ponta a ponta.<\/p>\n<p>VANTAGENS DAS LIGA\u00c7\u00d5ES DE RECIPIENTES DE ARMAZENAMENTO PLANOS 6M X 2,1M<br \/>\nf\u00e1cil de montar<br \/>\nMuitos utilizadores gostam das linhas mais suaves e da sensa\u00e7\u00e3o de constru\u00e7\u00e3o em compara\u00e7\u00e3o com contentores de tamanho semelhante.<br \/>\nOs contentores podem ser desmontados e movimentados a qualquer momento<br \/>\nIdeal para armazenar artigos volumosos ou m\u00faltiplos artigos quando precisa de espa\u00e7o para alcan\u00e7ar os artigos na parte de tr\u00e1s do armaz\u00e9m<br \/>\nAs portas s\u00e3o simples e f\u00e1ceis de utilizar para todos, acion\u00e1veis \u200b\u200bcom o rodar de uma chave.<br \/>\nRECIPIENTES DE ARMAZENAMENTO PLANOS 6M X 2,1M LIGA\u00c7\u00d5ES USOS POPULARES<br \/>\nClube de vela e remo<br \/>\nClube de atletismo<br \/>\nClubes de futebol, rugby e h\u00f3quei<br \/>\nCom\u00e9rcios independentes, como eletricistas, canalizadores, carpinteiros e fabricantes de a\u00e7o<br \/>\nPara utiliza\u00e7\u00e3o em estaleiros de obras, especialmente onde o acesso \u00e9 dif\u00edcil<br \/>\nAutoconstrutores que precisam de proteger os seus materiais contra o roubo<br \/>\nEstes novos contentores flatpack conectados est\u00e3o dispon\u00edveis para venda e entrega em todo o territ\u00f3rio nacional.<\/p>","protected":false},"featured_media":2276,"template":"","meta":[],"product_brand":[],"product_cat":[67,54],"product_tag":[],"class_list":{"0":"post-2057","1":"product","2":"type-product","3":"status-publish","4":"has-post-thumbnail","6":"product_cat-contentor-removivel","7":"product_cat-contentores-usados","9":"first","10":"instock","11":"shipping-taxable","12":"purchasable","13":"product-type-simple"},"etheme_brands":{"errors":{"invalid_taxonomy":["Taxonomia inv\u00e1lida."]},"error_data":[]},"_links":{"self":[{"href":"https:\/\/wetankservicos.com\/pt\/wp-json\/wp\/v2\/product\/2057","targetHints":{"allow":["GET"]}}],"collection":[{"href":"https:\/\/wetankservicos.com\/pt\/wp-json\/wp\/v2\/product"}],"about":[{"href":"https:\/\/wetankservicos.com\/pt\/wp-json\/wp\/v2\/types\/product"}],"version-history":[{"count":1,"href":"https:\/\/wetankservicos.com\/pt\/wp-json\/wp\/v2\/product\/2057\/revisions"}],"predecessor-version":[{"id":2277,"href":"https:\/\/wetankservicos.com\/pt\/wp-json\/wp\/v2\/product\/2057\/revisions\/2277"}],"wp:featuredmedia":[{"embeddable":true,"href":"https:\/\/wetankservicos.com\/pt\/wp-json\/wp\/v2\/media\/2276"}],"wp:attachment":[{"href":"https:\/\/wetankservicos.com\/pt\/wp-json\/wp\/v2\/media?parent=2057"}],"wp:term":[{"taxonomy":"product_brand","embeddable":true,"href":"https:\/\/wetankservicos.com\/pt\/wp-json\/wp\/v2\/product_brand?post=2057"},{"taxonomy":"product_cat","embeddable":true,"href":"https:\/\/wetankservicos.com\/pt\/wp-json\/wp\/v2\/product_cat?post=2057"},{"taxonomy":"product_tag","embeddable":true,"href":"https:\/\/wetankservicos.com\/pt\/wp-json\/wp\/v2\/product_tag?post=2057"}],"curies":[{"name":"wp","href":"https:\/\/api.w.org\/{rel}","templated":true}]}}