{"id":2023,"date":"2024-08-07T12:55:06","date_gmt":"2024-08-07T12:55:06","guid":{"rendered":"https:\/\/wetankservicos.com\/?post_type=product&#038;p=2023"},"modified":"2024-08-07T13:03:16","modified_gmt":"2024-08-07T13:03:16","slug":"contentor-plano-4m-x-21m-loja-galvanizado","status":"publish","type":"product","link":"https:\/\/wetankservicos.com\/pt\/produto\/contentor-plano-4m-x-21m-loja-galvanizado\/","title":{"rendered":"CONTENTOR PLANO 4M X 2,1M LOJA &#8211; GALVANIZADO"},"content":{"rendered":"<p>ESPECIFICA\u00c7\u00d5ES DO PRODUTO<br \/>\nComprimento exterior (m)<br \/>\n3,88<\/p>\n<p>Largura exterior (m)<br \/>\n2.14<\/p>\n<p>Altura exterior (m)<br \/>\n2.09<\/p>\n<p>Comprimento interior (m)<br \/>\n3,78<\/p>\n<p>Largura interior (m)<br \/>\n2.07<\/p>\n<p>Altura interior (m)<br \/>\n2h00<\/p>\n<p>Largura da porta (m)<br \/>\n1,25<\/p>\n<p>Altura da porta (m)<br \/>\n1,80<\/p>\n<p>Peso m\u00e1ximo que pode ser suportado no solo (kg)<br \/>\n2000, distribu\u00eddo uniformemente no solo<\/p>\n<p>Peso (embalado plano) (kg)<br \/>\n421<\/p>\n<p>Peso Parte mais pesada (desmontada) (kg)<br \/>\n153<\/p>\n<p>tipo de solo<br \/>\nPainel OSB de 15mm<\/p>\n<p>piso interno<br \/>\nPlaca OSB<\/p>\n<p>Revestimento de parede interior<br \/>\nA\u00e7o galvanizado<\/p>\n<p>Altura (plana) (mm)<br \/>\n300<\/p>\n<p>Comprimento (plano) (m)<br \/>\n3,88<\/p>\n<p>Largura (plana) (m)<br \/>\n2.14<\/p>\n<p>Medidor de a\u00e7o (mm)<br \/>\n0,72<\/p>","protected":false},"excerpt":{"rendered":"<p>Ref.: 000465<\/p>\n<p>DETALHES DO PRODUTO<br \/>\nOferta promocional: Receba um pacote de seguran\u00e7a gratuito com cada embalagem plana comprada online em maio. Para usufruir desta oferta, adicione o pacote de seguran\u00e7a gratuito \u00e0s op\u00e7\u00f5es de produtos no seu carrinho.<\/p>\n<p>Este carregador plano dobr\u00e1vel de 4 m \u00e9 leve o suficiente para ser manuseado por pessoas e os componentes s\u00e3o pequenos o suficiente para caber em pequenos corredores. N\u00e3o s\u00e3o necess\u00e1rios guindastes, empilhadores ou ferramentas especializadas. Apenas um conjunto de fichas &#8211; e j\u00e1 est\u00e1!<\/p>\n<p>At\u00e9 agora a \u00fanica alternativa era um hangar de chapa met\u00e1lica, que oferecia um m\u00ednimo de seguran\u00e7a e menos est\u00e9tica.<\/p>\n<p>Depois de montado, pode ser levantado pelos olhais de eleva\u00e7\u00e3o com a carga a bordo.<\/p>\n<p>Esta tenda Flat Packed de 4 m pode ser ligada a outra unidade Flat Packed para formar grandes \u00e1reas abertas de espa\u00e7o de armazenamento, conforme necess\u00e1rio (lado a lado e de ponta a ponta).<\/p>\n<p>CARACTER\u00cdSTICAS DO RECIPIENTE DE ARMAZENAMENTO PLANO 4M (GALVANIZADO)<br \/>\nCorpo totalmente galvanizado<br \/>\nMenos espa\u00e7o de armazenamento quando n\u00e3o est\u00e1 a ser utilizado<br \/>\nmontagem simples<br \/>\nCapacidade totalmente expans\u00edvel (modular)<br \/>\nBaixo custo<br \/>\nO carregador plano recentemente melhorado apresenta agora um sistema de bloqueio duplo para maior seguran\u00e7a, sem custos adicionais.<\/p>","protected":false},"featured_media":2227,"template":"","meta":[],"product_brand":[],"product_cat":[67,54],"product_tag":[],"class_list":{"0":"post-2023","1":"product","2":"type-product","3":"status-publish","4":"has-post-thumbnail","6":"product_cat-contentor-removivel","7":"product_cat-contentores-usados","9":"first","10":"instock","11":"shipping-taxable","12":"purchasable","13":"product-type-simple"},"etheme_brands":{"errors":{"invalid_taxonomy":["Taxonomia inv\u00e1lida."]},"error_data":[]},"_links":{"self":[{"href":"https:\/\/wetankservicos.com\/pt\/wp-json\/wp\/v2\/product\/2023","targetHints":{"allow":["GET"]}}],"collection":[{"href":"https:\/\/wetankservicos.com\/pt\/wp-json\/wp\/v2\/product"}],"about":[{"href":"https:\/\/wetankservicos.com\/pt\/wp-json\/wp\/v2\/types\/product"}],"version-history":[{"count":1,"href":"https:\/\/wetankservicos.com\/pt\/wp-json\/wp\/v2\/product\/2023\/revisions"}],"predecessor-version":[{"id":2228,"href":"https:\/\/wetankservicos.com\/pt\/wp-json\/wp\/v2\/product\/2023\/revisions\/2228"}],"wp:featuredmedia":[{"embeddable":true,"href":"https:\/\/wetankservicos.com\/pt\/wp-json\/wp\/v2\/media\/2227"}],"wp:attachment":[{"href":"https:\/\/wetankservicos.com\/pt\/wp-json\/wp\/v2\/media?parent=2023"}],"wp:term":[{"taxonomy":"product_brand","embeddable":true,"href":"https:\/\/wetankservicos.com\/pt\/wp-json\/wp\/v2\/product_brand?post=2023"},{"taxonomy":"product_cat","embeddable":true,"href":"https:\/\/wetankservicos.com\/pt\/wp-json\/wp\/v2\/product_cat?post=2023"},{"taxonomy":"product_tag","embeddable":true,"href":"https:\/\/wetankservicos.com\/pt\/wp-json\/wp\/v2\/product_tag?post=2023"}],"curies":[{"name":"wp","href":"https:\/\/api.w.org\/{rel}","templated":true}]}}