{"id":1997,"date":"2024-08-07T12:54:37","date_gmt":"2024-08-07T12:54:37","guid":{"rendered":"https:\/\/wetankservicos.com\/?post_type=product&#038;p=1997"},"modified":"2024-08-07T13:00:52","modified_gmt":"2024-08-07T13:00:52","slug":"contentor-metalico-plano-2m","status":"publish","type":"product","link":"https:\/\/wetankservicos.com\/pt\/produto\/contentor-metalico-plano-2m\/","title":{"rendered":"CONTENTOR MET\u00c1LICO PLANO (2M)"},"content":{"rendered":"<p>SPECIFICHE DEL PRODOTTO<br \/>\nLunghezza esterna (m)<br \/>\n2.02<\/p>\n<p>Larghezza esterna (m)<br \/>\n2.14<\/p>\n<p>Altezza esterna (m)<br \/>\n2.09<\/p>\n<p>Lunghezza interna (m)<br \/>\n1,90<\/p>\n<p>Larghezza interna (m)<br \/>\n2.07<\/p>\n<p>Altezza interna (m)<br \/>\n2.00<\/p>\n<p>Larghezza porta (m)<br \/>\n1.25<\/p>\n<p>Altezza porta (m)<br \/>\n1,80<\/p>\n<p>Peso massimo sopportabile dal pavimento (kg)<br \/>\n1000, uniformemente distribuiti sul pavimento<\/p>\n<p>Peso (imballato piatto) (kg)<br \/>\n271<\/p>\n<p>Peso Parte pi\u00f9 pesante (smontata) (kg)<br \/>\n88<\/p>\n<p>tipo di terreno<br \/>\nPannello OSB da 15 mm<\/p>\n<p>pavimentazione interna<br \/>\nScheda OSB<\/p>\n<p>Rivestimento pareti interne<br \/>\nAcciaio zincato<\/p>\n<p>Altezza (piatto) (mm)<br \/>\n300<\/p>\n<p>Lunghezza (piatto) (m)<br \/>\n2.02<\/p>\n<p>Larghezza (piatto) (m)<br \/>\n2.14<\/p>\n<p>Calibro d&#8217;acciaio (mm)<br \/>\n0,72<\/p>","protected":false},"excerpt":{"rendered":"<p>Ref.: 000460<\/p>\n<p>DETALHES DO PRODUTO<br \/>\nOferta promocional: Receba um pacote de seguran\u00e7a gratuito com cada embalagem plana comprada online em maio. Para usufruir desta oferta, adicione o pacote de seguran\u00e7a gratuito \u00e0s op\u00e7\u00f5es de produtos no seu carrinho.<\/p>\n<p>Esta tenda plana \u00e9 um recipiente de metal seguro para uso exterior e \u00e9 popular para armazenamento no quintal, armazenamento no quintal e necessidades de armazenamento em escolas, clubes e comunidades.<\/p>\n<p>\u00c9 leve o suficiente para ser manuseado por humanos e os componentes s\u00e3o pequenos o suficiente para caber em pequenas passagens. N\u00e3o s\u00e3o necess\u00e1rios guindastes, empilhadores ou ferramentas especializadas. Apenas um conjunto de fichas &#8211; e j\u00e1 est\u00e1!<\/p>\n<p>Depois de montado, pode ser levantado pelos olhais de eleva\u00e7\u00e3o com a carga a bordo. Esta tenda plana de 2 m pode ser ligada a outra das nossas tendas planas para formar grandes \u00e1reas abertas de espa\u00e7o de armazenamento, conforme necess\u00e1rio (lado a lado e de ponta a ponta).<\/p>\n<p>CARACTER\u00cdSTICAS CARREGADOR PLANO DE 2M (GALVANIZADO)<br \/>\nCorpo totalmente galvanizado<br \/>\nMenos espa\u00e7o de armazenamento quando n\u00e3o est\u00e1 a ser utilizado<br \/>\nmontagem simples<br \/>\nCapacidade totalmente expans\u00edvel (modular)<br \/>\nBaixo custo<br \/>\nO carregador plano recentemente melhorado apresenta agora um sistema de bloqueio duplo para maior seguran\u00e7a, sem custos adicionais.<\/p>","protected":false},"featured_media":2178,"template":"","meta":[],"product_brand":[],"product_cat":[67,54],"product_tag":[],"class_list":{"0":"post-1997","1":"product","2":"type-product","3":"status-publish","4":"has-post-thumbnail","6":"product_cat-contentor-removivel","7":"product_cat-contentores-usados","9":"first","10":"instock","11":"shipping-taxable","12":"purchasable","13":"product-type-simple"},"etheme_brands":{"errors":{"invalid_taxonomy":["Taxonomia inv\u00e1lida."]},"error_data":[]},"_links":{"self":[{"href":"https:\/\/wetankservicos.com\/pt\/wp-json\/wp\/v2\/product\/1997","targetHints":{"allow":["GET"]}}],"collection":[{"href":"https:\/\/wetankservicos.com\/pt\/wp-json\/wp\/v2\/product"}],"about":[{"href":"https:\/\/wetankservicos.com\/pt\/wp-json\/wp\/v2\/types\/product"}],"version-history":[{"count":1,"href":"https:\/\/wetankservicos.com\/pt\/wp-json\/wp\/v2\/product\/1997\/revisions"}],"predecessor-version":[{"id":2179,"href":"https:\/\/wetankservicos.com\/pt\/wp-json\/wp\/v2\/product\/1997\/revisions\/2179"}],"wp:featuredmedia":[{"embeddable":true,"href":"https:\/\/wetankservicos.com\/pt\/wp-json\/wp\/v2\/media\/2178"}],"wp:attachment":[{"href":"https:\/\/wetankservicos.com\/pt\/wp-json\/wp\/v2\/media?parent=1997"}],"wp:term":[{"taxonomy":"product_brand","embeddable":true,"href":"https:\/\/wetankservicos.com\/pt\/wp-json\/wp\/v2\/product_brand?post=1997"},{"taxonomy":"product_cat","embeddable":true,"href":"https:\/\/wetankservicos.com\/pt\/wp-json\/wp\/v2\/product_cat?post=1997"},{"taxonomy":"product_tag","embeddable":true,"href":"https:\/\/wetankservicos.com\/pt\/wp-json\/wp\/v2\/product_tag?post=1997"}],"curies":[{"name":"wp","href":"https:\/\/api.w.org\/{rel}","templated":true}]}}