{"id":1995,"date":"2024-08-07T12:54:37","date_gmt":"2024-08-07T12:54:37","guid":{"rendered":"https:\/\/wetankservicos.com\/?post_type=product&#038;p=1995"},"modified":"2024-08-07T13:00:11","modified_gmt":"2024-08-07T13:00:11","slug":"recipiente-de-cubo-de-alta-40-pes-uma-viagem-altura-9-pes-6%e2%80%b3","status":"publish","type":"product","link":"https:\/\/wetankservicos.com\/pt\/produto\/recipiente-de-cubo-de-alta-40-pes-uma-viagem-altura-9-pes-6%e2%80%b3\/","title":{"rendered":"RECIPIENTE DE CUBO DE ALTA 40 P\u00c9S &#8211; UMA VIAGEM (ALTURA 9 P\u00c9S 6\u2033)"},"content":{"rendered":"<p>ESPECIFICA\u00c7\u00d5ES DO PRODUTO<br \/>\nComprimento exterior (m)<br \/>\n12.19<\/p>\n<p>Largura exterior (m)<br \/>\n2,44<\/p>\n<p>Altura exterior (m)<br \/>\n2,90<\/p>\n<p>Comprimento interior (m)<br \/>\n12h00.<\/p>\n<p>Largura interior (m)<br \/>\n2,35<\/p>\n<p>Altura interior (m)<br \/>\n2,70<\/p>\n<p>Largura da porta (m)<br \/>\n2,34<\/p>\n<p>Altura da porta (m)<br \/>\n2,59<\/p>","protected":false},"excerpt":{"rendered":"<p>Ref.: 000448<\/p>\n<p>DETALHES DO PRODUTO<br \/>\nPara venda contentores High Cube de 40 p\u00e9s x 8 p\u00e9s para uma viagem, constru\u00eddos na China e usados \u200b\u200buma vez para enviar mercadorias para It\u00e1lia.<\/p>\n<p>Constru\u00eddos de acordo com as dimens\u00f5es dos contentores standard ISO, s\u00e3o contentores de transporte quase novos e ideais para armazenamento em contentores de uma vasta gama de produtos e materiais.<\/p>\n<p>CARACTER\u00cdSTICAS DO NOVO RECIPIENTE MAR\u00cdTIMO DE 40 P\u00c9S C\u00daBICOS<br \/>\nNOVO &#8211; Apenas uma viagem<br \/>\nIdeal para armazenamento de plantas\/escavadoras devido \u00e0 altura adicional<br \/>\nPrata CSC (peso bruto) m\u00e1ximo: 30 toneladas<br \/>\nToda a constru\u00e7\u00e3o em &#8220;Cor-Ten Steel&#8221;.<br \/>\nPortas girat\u00f3rias externas duplas nas extremidades.<br \/>\nDuas barras de bloqueio em cada porta.<br \/>\nSeguro instalado de f\u00e1brica<br \/>\n2 bolsas para empilhadores de cada lado<br \/>\nPiso de contraplacado mar\u00edtimo de 28 mm sobre travessas de a\u00e7o<br \/>\n4 aberturas<br \/>\nEste contentor est\u00e1 dispon\u00edvel para compra online e pode ser enviado para todo o territ\u00f3rio nacional.<\/p>\n<p>Se tiver alguma d\u00favida, entre em contacto com a nossa simp\u00e1tica equipa de vendas de contentores.<\/p>\n<p>Est\u00e1 tamb\u00e9m dispon\u00edvel um servi\u00e7o de convers\u00e3o e modifica\u00e7\u00e3o de contentores de armazenamento, incluindo alinhamento e isolamento, instala\u00e7\u00e3o de portas e janelas.<\/p>","protected":false},"featured_media":2161,"template":"","meta":[],"product_brand":[],"product_cat":[55,54],"product_tag":[],"class_list":{"0":"post-1995","1":"product","2":"type-product","3":"status-publish","4":"has-post-thumbnail","6":"product_cat-contentor-de-40-pes-e-12m","7":"product_cat-contentores-usados","9":"first","10":"instock","11":"shipping-taxable","12":"purchasable","13":"product-type-simple"},"etheme_brands":{"errors":{"invalid_taxonomy":["Taxonomia inv\u00e1lida."]},"error_data":[]},"_links":{"self":[{"href":"https:\/\/wetankservicos.com\/pt\/wp-json\/wp\/v2\/product\/1995","targetHints":{"allow":["GET"]}}],"collection":[{"href":"https:\/\/wetankservicos.com\/pt\/wp-json\/wp\/v2\/product"}],"about":[{"href":"https:\/\/wetankservicos.com\/pt\/wp-json\/wp\/v2\/types\/product"}],"version-history":[{"count":1,"href":"https:\/\/wetankservicos.com\/pt\/wp-json\/wp\/v2\/product\/1995\/revisions"}],"predecessor-version":[{"id":2162,"href":"https:\/\/wetankservicos.com\/pt\/wp-json\/wp\/v2\/product\/1995\/revisions\/2162"}],"wp:featuredmedia":[{"embeddable":true,"href":"https:\/\/wetankservicos.com\/pt\/wp-json\/wp\/v2\/media\/2161"}],"wp:attachment":[{"href":"https:\/\/wetankservicos.com\/pt\/wp-json\/wp\/v2\/media?parent=1995"}],"wp:term":[{"taxonomy":"product_brand","embeddable":true,"href":"https:\/\/wetankservicos.com\/pt\/wp-json\/wp\/v2\/product_brand?post=1995"},{"taxonomy":"product_cat","embeddable":true,"href":"https:\/\/wetankservicos.com\/pt\/wp-json\/wp\/v2\/product_cat?post=1995"},{"taxonomy":"product_tag","embeddable":true,"href":"https:\/\/wetankservicos.com\/pt\/wp-json\/wp\/v2\/product_tag?post=1995"}],"curies":[{"name":"wp","href":"https:\/\/api.w.org\/{rel}","templated":true}]}}