{"id":1994,"date":"2024-08-07T12:54:37","date_gmt":"2024-08-07T12:54:37","guid":{"rendered":"https:\/\/wetankservicos.com\/?post_type=product&#038;p=1994"},"modified":"2024-08-07T12:59:51","modified_gmt":"2024-08-07T12:59:51","slug":"contentor-maritimo-40-pes-verde-ral-6007","status":"publish","type":"product","link":"https:\/\/wetankservicos.com\/pt\/produto\/contentor-maritimo-40-pes-verde-ral-6007\/","title":{"rendered":"CONTENTOR MAR\u00cdTIMO 40 P\u00c9S VERDE (RAL 6007)"},"content":{"rendered":"<p>ESPECIFICA\u00c7\u00d5ES DO PRODUTO<br \/>\nComprimento exterior (m)<br \/>\n12.192<\/p>\n<p>Largura exterior (m)<br \/>\n2.438<\/p>\n<p>Altura exterior (m)<br \/>\n2.591<\/p>\n<p>Comprimento interior (m)<br \/>\n12<\/p>\n<p>Largura interior (m)<br \/>\n2,35<\/p>\n<p>Altura interior (m)<br \/>\n2,39<\/p>\n<p>Largura da porta (m)<br \/>\n2,34<\/p>\n<p>Altura da porta (m)<br \/>\n2.28<\/p>","protected":false},"excerpt":{"rendered":"<p>Ref.: 000447<\/p>\n<p>DETALHES DO PRODUTO<br \/>\nEstes contentores ISO de 40&#8242; x 8&#8242; em verde-escuro (RAL 6007) oferecem um armazenamento econ\u00f3mico e seguro para cargas volumosas. T\u00eam uma capacidade de armazenamento de quase 2.500 p\u00e9s c\u00fabicos.<\/p>\n<p>Estes s\u00e3o contentores novos (uma vez enviados) fabricados na China de acordo com as rigorosas normas ISO.<\/p>\n<p>CARACTER\u00cdSTICAS DO NOVO RECIPIENTE DE ENVIO VERDE DE 40 P\u00c9S (RAL 6007)<br \/>\nNovo contentor de 40 p\u00e9s (quando enviado)<br \/>\nPrata CSC (peso bruto) m\u00e1ximo: 30 toneladas<br \/>\nToda a constru\u00e7\u00e3o em a\u00e7o Cor-Ten<br \/>\nPortas girat\u00f3rias externas duplas nas extremidades.<br \/>\n4 aberturas<br \/>\nDuas barras de bloqueio em cada porta.<br \/>\nSeguro instalado de f\u00e1brica<br \/>\n2 bolsas para empilhadores de cada lado<br \/>\nPiso de contraplacado mar\u00edtimo de 28 mm sobre travessas de a\u00e7o<br \/>\nEste contentor est\u00e1 dispon\u00edvel para compra online e pode ser entregue em todo o PORTUGAL. Para calcular a entrega, adicione ao cami\u00e3o e insira o seu c\u00f3digo postal.<\/p>\n<p>Se tiver alguma d\u00favida, entre em contacto com a nossa simp\u00e1tica equipa de vendas de contentores.<\/p>\n<p>Est\u00e1 \u00e0 procura de um contentor usado de 40 p\u00e9s? Veja os nossos contentores usados \u200b\u200b\u200b\u200bde 40 p\u00e9s<\/p>","protected":false},"featured_media":2157,"template":"","meta":[],"product_brand":[],"product_cat":[55,54],"product_tag":[],"class_list":{"0":"post-1994","1":"product","2":"type-product","3":"status-publish","4":"has-post-thumbnail","6":"product_cat-contentor-de-40-pes-e-12m","7":"product_cat-contentores-usados","9":"first","10":"instock","11":"shipping-taxable","12":"purchasable","13":"product-type-simple"},"etheme_brands":{"errors":{"invalid_taxonomy":["Taxonomia inv\u00e1lida."]},"error_data":[]},"_links":{"self":[{"href":"https:\/\/wetankservicos.com\/pt\/wp-json\/wp\/v2\/product\/1994","targetHints":{"allow":["GET"]}}],"collection":[{"href":"https:\/\/wetankservicos.com\/pt\/wp-json\/wp\/v2\/product"}],"about":[{"href":"https:\/\/wetankservicos.com\/pt\/wp-json\/wp\/v2\/types\/product"}],"version-history":[{"count":1,"href":"https:\/\/wetankservicos.com\/pt\/wp-json\/wp\/v2\/product\/1994\/revisions"}],"predecessor-version":[{"id":2158,"href":"https:\/\/wetankservicos.com\/pt\/wp-json\/wp\/v2\/product\/1994\/revisions\/2158"}],"wp:featuredmedia":[{"embeddable":true,"href":"https:\/\/wetankservicos.com\/pt\/wp-json\/wp\/v2\/media\/2157"}],"wp:attachment":[{"href":"https:\/\/wetankservicos.com\/pt\/wp-json\/wp\/v2\/media?parent=1994"}],"wp:term":[{"taxonomy":"product_brand","embeddable":true,"href":"https:\/\/wetankservicos.com\/pt\/wp-json\/wp\/v2\/product_brand?post=1994"},{"taxonomy":"product_cat","embeddable":true,"href":"https:\/\/wetankservicos.com\/pt\/wp-json\/wp\/v2\/product_cat?post=1994"},{"taxonomy":"product_tag","embeddable":true,"href":"https:\/\/wetankservicos.com\/pt\/wp-json\/wp\/v2\/product_tag?post=1994"}],"curies":[{"name":"wp","href":"https:\/\/api.w.org\/{rel}","templated":true}]}}