{"id":1990,"date":"2024-08-07T12:54:37","date_gmt":"2024-08-07T12:54:37","guid":{"rendered":"https:\/\/wetankservicos.com\/?post_type=product&#038;p=1990"},"modified":"2026-04-21T19:27:45","modified_gmt":"2026-04-21T19:27:45","slug":"contentor-20-pes-open-side-usado-acesso-lateral-total","status":"publish","type":"product","link":"https:\/\/wetankservicos.com\/pt\/produto\/contentor-20-pes-open-side-usado-acesso-lateral-total\/","title":{"rendered":"Contentor 20 p\u00e9s open side usado (acesso lateral total)"},"content":{"rendered":"<section class=\"text-token-text-primary w-full focus:outline-none [--shadow-height:45px] has-data-writing-block:pointer-events-none has-data-writing-block:-mt-(--shadow-height) has-data-writing-block:pt-(--shadow-height) [&amp;:has([data-writing-block])&gt;*]:pointer-events-auto [content-visibility:auto] supports-[content-visibility:auto]:[contain-intrinsic-size:auto_100lvh] R6Vx5W_threadScrollVars scroll-mb-[calc(var(--scroll-root-safe-area-inset-bottom,0px)+var(--thread-response-height))] scroll-mt-[calc(var(--header-height)+min(200px,max(70px,20svh)))]\" dir=\"auto\" data-turn-id=\"request-69e7c3ca-622c-83ea-bfb3-4f71591ba9f8-5\" data-testid=\"conversation-turn-110\" data-scroll-anchor=\"false\" data-turn=\"assistant\">\n<div class=\"text-base my-auto mx-auto pb-10 [--thread-content-margin:var(--thread-content-margin-xs,calc(var(--spacing)*4))] @w-sm\/main:[--thread-content-margin:var(--thread-content-margin-sm,calc(var(--spacing)*6))] @w-lg\/main:[--thread-content-margin:var(--thread-content-margin-lg,calc(var(--spacing)*16))] px-(--thread-content-margin)\">\n<div class=\"[--thread-content-max-width:40rem] @w-lg\/main:[--thread-content-max-width:48rem] mx-auto max-w-(--thread-content-max-width) flex-1 group\/turn-messages focus-visible:outline-hidden relative flex w-full min-w-0 flex-col agent-turn\">\n<div class=\"flex max-w-full flex-col gap-4 grow\">\n<div class=\"min-h-8 text-message relative flex w-full flex-col items-end gap-2 text-start break-words whitespace-normal outline-none keyboard-focused:focus-ring [.text-message+&amp;]:mt-1\" dir=\"auto\" tabindex=\"0\" data-message-author-role=\"assistant\" data-message-id=\"c66e3a3e-cae8-4f50-ada4-7fce5bc86f18\" data-message-model-slug=\"gpt-5-3-mini\" data-turn-start-message=\"true\">\n<div class=\"flex w-full flex-col gap-1 empty:hidden\">\n<div class=\"markdown prose dark:prose-invert w-full wrap-break-word dark markdown-new-styling\">\n<p data-start=\"273\" data-end=\"477\">O contentor mar\u00edtimo open side de 20 p\u00e9s \u00e9 uma solu\u00e7\u00e3o moderna e altamente funcional, concebida para oferecer acesso lateral total ao interior, facilitando o carregamento e descarregamento de mercadorias.<\/p>\n<p data-start=\"479\" data-end=\"712\">Este modelo novo (1 viagem) \u00e9 constru\u00eddo em a\u00e7o Cor-Ten de alta resist\u00eancia, garantindo durabilidade, seguran\u00e7a e excelente desempenho em utiliza\u00e7\u00e3o profissional. Cumpre as normas internacionais ISO e encontra-se em excelente estado.<\/p>\n<p data-start=\"714\" data-end=\"960\">A sua principal vantagem \u00e9 o acesso lateral completo (Full Side Access), com portas duplas ao longo de um dos lados do contentor, combinado com portas duplas na extremidade. Esta configura\u00e7\u00e3o permite uma abertura ampla e total do espa\u00e7o interior.<\/p>\n<p data-start=\"962\" data-end=\"1199\">O piso em contraplacado mar\u00edtimo de 28 mm sobre travessas de a\u00e7o assegura elevada resist\u00eancia e estabilidade, mesmo com cargas pesadas. O contentor inclui ainda ventila\u00e7\u00e3o integrada e bolsas para empilhador para facilitar o manuseamento.<\/p>\n<p data-start=\"1201\" data-end=\"1235\"><strong data-start=\"1201\" data-end=\"1233\">Caracter\u00edsticas principais :<\/strong><\/p>\n<ul data-start=\"1236\" data-end=\"1648\">\n<li data-section-id=\"11q05a6\" data-start=\"1236\" data-end=\"1258\">Refer\u00eancia: 000423<\/li>\n<li data-section-id=\"1h81dur\" data-start=\"1259\" data-end=\"1295\">Tipo: contentor open side 20 p\u00e9s<\/li>\n<li data-section-id=\"1vxsv6r\" data-start=\"1296\" data-end=\"1323\">Estado: novo (1 viagem)<\/li>\n<li data-section-id=\"351iws\" data-start=\"1324\" data-end=\"1370\">Estrutura: a\u00e7o Cor-Ten de alta resist\u00eancia<\/li>\n<li data-section-id=\"xt96ld\" data-start=\"1371\" data-end=\"1412\">Capacidade m\u00e1xima (CSC): 24 toneladas<\/li>\n<li data-section-id=\"1n71ori\" data-start=\"1413\" data-end=\"1463\">Acesso: lateral total + portas frontais duplas<\/li>\n<li data-section-id=\"82u1c0\" data-start=\"1464\" data-end=\"1502\">Piso: contraplacado mar\u00edtimo 28 mm<\/li>\n<li data-section-id=\"136peon\" data-start=\"1503\" data-end=\"1533\">Ventila\u00e7\u00e3o: 8 sa\u00eddas de ar<\/li>\n<li data-section-id=\"o2nfpv\" data-start=\"1534\" data-end=\"1592\">Manuseamento: bolsas para empilhador em ambos os lados<\/li>\n<li data-section-id=\"1ty743c\" data-start=\"1593\" data-end=\"1648\">Sistema de fecho: barras de seguran\u00e7a em cada porta<\/li>\n<\/ul>\n<p data-start=\"1650\" data-end=\"1667\"><strong data-start=\"1650\" data-end=\"1665\">Dimens\u00f5es :<\/strong><\/p>\n<ul data-start=\"1668\" data-end=\"1797\">\n<li data-section-id=\"yg9aat\" data-start=\"1668\" data-end=\"1702\">Exterior: 6,06 x 2,44 x 2,59 m<\/li>\n<li data-section-id=\"ftpwrf\" data-start=\"1703\" data-end=\"1737\">Interior: 5,95 x 2,29 x 2,39 m<\/li>\n<li data-section-id=\"txht3d\" data-start=\"1738\" data-end=\"1771\">Largura porta lateral: 5,82 m<\/li>\n<li data-section-id=\"10s7rxc\" data-start=\"1772\" data-end=\"1797\">Largura porta: 2,34 m<\/li>\n<\/ul>\n<p data-start=\"1799\" data-end=\"1940\" data-is-last-node=\"\" data-is-only-node=\"\">Este contentor open side 20 p\u00e9s \u00e9 ideal para quem procura m\u00e1xima acessibilidade, flexibilidade e efici\u00eancia no armazenamento ou na log\u00edstica.<\/p>\n<\/div>\n<\/div>\n<\/div>\n<\/div>\n<div class=\"z-0 flex min-h-[46px] justify-start\"><\/div>\n<div class=\"mt-3 w-full empty:hidden\">\n<div class=\"text-center\"><\/div>\n<\/div>\n<\/div>\n<\/div>\n<\/section>\n<div class=\"pointer-events-none -mt-px h-px translate-y-[calc(var(--scroll-root-safe-area-inset-bottom)-14*var(--spacing))]\" aria-hidden=\"true\"><\/div>\n","protected":false},"excerpt":{"rendered":"<p data-start=\"112\" data-end=\"238\">Contentor 20 p\u00e9s open side novo (1 viagem), com acesso lateral completo e portas duplas, ideal para armazenamento e log\u00edstica.<\/p>\n<p data-start=\"1650\" data-end=\"1667\"><strong data-start=\"1650\" data-end=\"1665\">Dimens\u00f5es :<\/strong><\/p>\n<ul data-start=\"1668\" data-end=\"1797\">\n<li data-section-id=\"yg9aat\" data-start=\"1668\" data-end=\"1702\">Exterior: 6,06 x 2,44 x 2,59 m<\/li>\n<li data-section-id=\"ftpwrf\" data-start=\"1703\" data-end=\"1737\">Interior: 5,95 x 2,29 x 2,39 m<\/li>\n<li data-section-id=\"txht3d\" data-start=\"1738\" data-end=\"1771\">Largura porta lateral: 5,82 m<\/li>\n<li data-section-id=\"10s7rxc\" data-start=\"1772\" data-end=\"1797\">Largura porta: 2,34 m<\/li>\n<\/ul>\n<p data-start=\"1799\" data-end=\"1940\" data-is-last-node=\"\" data-is-only-node=\"\">Este contentor open side 20 p\u00e9s \u00e9 ideal para quem procura m\u00e1xima acessibilidade, flexibilidade e efici\u00eancia no armazenamento ou na log\u00edstica.<\/p>","protected":false},"featured_media":2125,"template":"","meta":[],"product_brand":[],"product_cat":[70,54],"product_tag":[],"class_list":{"0":"post-1990","1":"product","2":"type-product","3":"status-publish","4":"has-post-thumbnail","6":"product_cat-contentores-de-20-pes-e-6-metros-contentores-usados","7":"product_cat-contentores-usados","9":"first","10":"instock","11":"shipping-taxable","12":"purchasable","13":"product-type-simple"},"etheme_brands":{"errors":{"invalid_taxonomy":["Taxonomia inv\u00e1lida."]},"error_data":[]},"_links":{"self":[{"href":"https:\/\/wetankservicos.com\/pt\/wp-json\/wp\/v2\/product\/1990","targetHints":{"allow":["GET"]}}],"collection":[{"href":"https:\/\/wetankservicos.com\/pt\/wp-json\/wp\/v2\/product"}],"about":[{"href":"https:\/\/wetankservicos.com\/pt\/wp-json\/wp\/v2\/types\/product"}],"version-history":[{"count":3,"href":"https:\/\/wetankservicos.com\/pt\/wp-json\/wp\/v2\/product\/1990\/revisions"}],"predecessor-version":[{"id":2762,"href":"https:\/\/wetankservicos.com\/pt\/wp-json\/wp\/v2\/product\/1990\/revisions\/2762"}],"wp:featuredmedia":[{"embeddable":true,"href":"https:\/\/wetankservicos.com\/pt\/wp-json\/wp\/v2\/media\/2125"}],"wp:attachment":[{"href":"https:\/\/wetankservicos.com\/pt\/wp-json\/wp\/v2\/media?parent=1990"}],"wp:term":[{"taxonomy":"product_brand","embeddable":true,"href":"https:\/\/wetankservicos.com\/pt\/wp-json\/wp\/v2\/product_brand?post=1990"},{"taxonomy":"product_cat","embeddable":true,"href":"https:\/\/wetankservicos.com\/pt\/wp-json\/wp\/v2\/product_cat?post=1990"},{"taxonomy":"product_tag","embeddable":true,"href":"https:\/\/wetankservicos.com\/pt\/wp-json\/wp\/v2\/product_tag?post=1990"}],"curies":[{"name":"wp","href":"https:\/\/api.w.org\/{rel}","templated":true}]}}