{"id":1987,"date":"2024-08-07T12:54:37","date_gmt":"2024-08-07T12:54:37","guid":{"rendered":"https:\/\/wetankservicos.com\/?post_type=product&#038;p=1987"},"modified":"2026-04-21T19:25:26","modified_gmt":"2026-04-21T19:25:26","slug":"contentor-20-pes-tunnel-1-viagem-portas-laterais-duplas","status":"publish","type":"product","link":"https:\/\/wetankservicos.com\/pt\/produto\/contentor-20-pes-tunnel-1-viagem-portas-laterais-duplas\/","title":{"rendered":"Contentor 20 p\u00e9s tunnel (1 viagem, portas laterais duplas)"},"content":{"rendered":"<section class=\"text-token-text-primary w-full focus:outline-none [--shadow-height:45px] has-data-writing-block:pointer-events-none has-data-writing-block:-mt-(--shadow-height) has-data-writing-block:pt-(--shadow-height) [&amp;:has([data-writing-block])&gt;*]:pointer-events-auto [content-visibility:auto] supports-[content-visibility:auto]:[contain-intrinsic-size:auto_100lvh] R6Vx5W_threadScrollVars scroll-mb-[calc(var(--scroll-root-safe-area-inset-bottom,0px)+var(--thread-response-height))] scroll-mt-[calc(var(--header-height)+min(200px,max(70px,20svh)))]\" dir=\"auto\" data-turn-id=\"request-69e7c3ca-622c-83ea-bfb3-4f71591ba9f8-3\" data-testid=\"conversation-turn-106\" data-scroll-anchor=\"false\" data-turn=\"assistant\">\n<div class=\"text-base my-auto mx-auto pb-10 [--thread-content-margin:var(--thread-content-margin-xs,calc(var(--spacing)*4))] @w-sm\/main:[--thread-content-margin:var(--thread-content-margin-sm,calc(var(--spacing)*6))] @w-lg\/main:[--thread-content-margin:var(--thread-content-margin-lg,calc(var(--spacing)*16))] px-(--thread-content-margin)\">\n<div class=\"[--thread-content-max-width:40rem] @w-lg\/main:[--thread-content-max-width:48rem] mx-auto max-w-(--thread-content-max-width) flex-1 group\/turn-messages focus-visible:outline-hidden relative flex w-full min-w-0 flex-col agent-turn\">\n<div class=\"flex max-w-full flex-col gap-4 grow\">\n<div class=\"min-h-8 text-message relative flex w-full flex-col items-end gap-2 text-start break-words whitespace-normal outline-none keyboard-focused:focus-ring [.text-message+&amp;]:mt-1\" dir=\"auto\" tabindex=\"0\" data-message-author-role=\"assistant\" data-message-id=\"f338bb33-fed2-48bd-a96e-e1b0ed4cac82\" data-message-model-slug=\"gpt-5-3-mini\" data-turn-start-message=\"true\">\n<div class=\"flex w-full flex-col gap-1 empty:hidden\">\n<div class=\"markdown prose dark:prose-invert w-full wrap-break-word dark markdown-new-styling\">\n<p data-start=\"256\" data-end=\"439\">O contentor mar\u00edtimo tunnel de 20 p\u00e9s \u00e9 uma solu\u00e7\u00e3o vers\u00e1til e funcional para armazenamento e log\u00edstica, oferecendo portas duplas em ambas as extremidades para acesso total e pr\u00e1tico.<\/p>\n<p data-start=\"441\" data-end=\"724\">Este modelo novo (1 viagem) apresenta uma estrutura robusta em a\u00e7o Cor-Ten, garantindo elevada resist\u00eancia, durabilidade e seguran\u00e7a. \u00c9 especialmente indicado para armazenamento de mercadorias paletizadas, equipamentos ou materiais que necessitam de acesso r\u00e1pido por ambos os lados.<\/p>\n<p data-start=\"726\" data-end=\"959\">A configura\u00e7\u00e3o tunnel permite entrada e sa\u00edda facilitada, sendo ideal para opera\u00e7\u00f5es log\u00edsticas, autoarmazenamento ou utiliza\u00e7\u00e3o industrial. Pode tamb\u00e9m ser utilizado para dividir espa\u00e7os ou criar solu\u00e7\u00f5es de armazenamento flex\u00edveis.<\/p>\n<p data-start=\"961\" data-end=\"1201\">O piso em contraplacado mar\u00edtimo de 28 mm sobre travessas de a\u00e7o assegura excelente capacidade de carga e estabilidade, mesmo em utiliza\u00e7\u00e3o intensiva. Inclui ainda pontos de ventila\u00e7\u00e3o e bolsas para empilhador para facilitar o manuseamento.<\/p>\n<p data-start=\"1203\" data-end=\"1237\"><strong data-start=\"1203\" data-end=\"1235\">Caracter\u00edsticas principais :<\/strong><\/p>\n<ul data-start=\"1238\" data-end=\"1626\">\n<li data-section-id=\"11pz8gn\" data-start=\"1238\" data-end=\"1260\">Refer\u00eancia: 000419<\/li>\n<li data-section-id=\"yoelus\" data-start=\"1261\" data-end=\"1294\">Tipo: contentor tunnel 20 p\u00e9s<\/li>\n<li data-section-id=\"1vxsv6r\" data-start=\"1295\" data-end=\"1322\">Estado: novo (1 viagem)<\/li>\n<li data-section-id=\"351iws\" data-start=\"1323\" data-end=\"1369\">Estrutura: a\u00e7o Cor-Ten de alta resist\u00eancia<\/li>\n<li data-section-id=\"1hic26c\" data-start=\"1370\" data-end=\"1411\">Capacidade m\u00e1xima (CSC): 30 toneladas<\/li>\n<li data-section-id=\"fhb0y5\" data-start=\"1412\" data-end=\"1455\">Portas: duplas em ambas as extremidades<\/li>\n<li data-section-id=\"1ecpibj\" data-start=\"1456\" data-end=\"1497\">Seguran\u00e7a: cofres montados de f\u00e1brica<\/li>\n<li data-section-id=\"82u1c0\" data-start=\"1498\" data-end=\"1536\">Piso: contraplacado mar\u00edtimo 28 mm<\/li>\n<li data-section-id=\"136peon\" data-start=\"1537\" data-end=\"1567\">Ventila\u00e7\u00e3o: 8 sa\u00eddas de ar<\/li>\n<li data-section-id=\"o2nfpv\" data-start=\"1568\" data-end=\"1626\">Manuseamento: bolsas para empilhador em ambos os lados<\/li>\n<\/ul>\n<p data-start=\"1628\" data-end=\"1645\"><strong data-start=\"1628\" data-end=\"1643\">Dimens\u00f5es :<\/strong><\/p>\n<ul data-start=\"1646\" data-end=\"1772\">\n<li data-section-id=\"yg9aat\" data-start=\"1646\" data-end=\"1680\">Exterior: 6,06 x 2,44 x 2,59 m<\/li>\n<li data-section-id=\"rucw3a\" data-start=\"1681\" data-end=\"1715\">Interior: 5,84 x 2,35 x 2,39 m<\/li>\n<li data-section-id=\"9tvhdx\" data-start=\"1716\" data-end=\"1744\">Largura da porta: 2,34 m<\/li>\n<li data-section-id=\"1a4lxft\" data-start=\"1745\" data-end=\"1772\">Altura da porta: 2,28 m<\/li>\n<\/ul>\n<p data-start=\"1774\" data-end=\"1884\" data-is-last-node=\"\" data-is-only-node=\"\">Este contentor tunnel \u00e9 uma solu\u00e7\u00e3o eficiente e pr\u00e1tica para armazenamento com acesso total em ambos os lados.<\/p>\n<\/div>\n<\/div>\n<\/div>\n<\/div>\n<div class=\"z-0 flex min-h-[46px] justify-start\"><\/div>\n<div class=\"mt-3 w-full empty:hidden\">\n<div class=\"text-center\"><\/div>\n<\/div>\n<\/div>\n<\/div>\n<\/section>\n<div class=\"pointer-events-none -mt-px h-px translate-y-[calc(var(--scroll-root-safe-area-inset-bottom)-14*var(--spacing))]\" aria-hidden=\"true\"><\/div>\n","protected":false},"excerpt":{"rendered":"<p data-start=\"103\" data-end=\"221\">Contentor 20 p\u00e9s tunnel novo (1 viagem), com portas duplas em ambos os lados, ideal para armazenamento e acesso f\u00e1cil.<\/p>\n<p data-start=\"1628\" data-end=\"1645\"><strong data-start=\"1628\" data-end=\"1643\">Dimens\u00f5es :<\/strong><\/p>\n<ul data-start=\"1646\" data-end=\"1772\">\n<li data-section-id=\"yg9aat\" data-start=\"1646\" data-end=\"1680\">Exterior: 6,06 x 2,44 x 2,59 m<\/li>\n<li data-section-id=\"rucw3a\" data-start=\"1681\" data-end=\"1715\">Interior: 5,84 x 2,35 x 2,39 m<\/li>\n<li data-section-id=\"9tvhdx\" data-start=\"1716\" data-end=\"1744\">Largura da porta: 2,34 m<\/li>\n<li data-section-id=\"1a4lxft\" data-start=\"1745\" data-end=\"1772\">Altura da porta: 2,28 m<\/li>\n<\/ul>\n<p data-start=\"1774\" data-end=\"1884\" data-is-last-node=\"\" data-is-only-node=\"\">Este contentor tunnel \u00e9 uma solu\u00e7\u00e3o eficiente e pr\u00e1tica para armazenamento com acesso total em ambos os lados.<\/p>","protected":false},"featured_media":2103,"template":"","meta":[],"product_brand":[],"product_cat":[69,54],"product_tag":[],"class_list":{"0":"post-1987","1":"product","2":"type-product","3":"status-publish","4":"has-post-thumbnail","6":"product_cat-contentores-de-20-pes-e-6-metros","7":"product_cat-contentores-usados","9":"first","10":"instock","11":"shipping-taxable","12":"purchasable","13":"product-type-simple"},"etheme_brands":{"errors":{"invalid_taxonomy":["Taxonomia inv\u00e1lida."]},"error_data":[]},"_links":{"self":[{"href":"https:\/\/wetankservicos.com\/pt\/wp-json\/wp\/v2\/product\/1987","targetHints":{"allow":["GET"]}}],"collection":[{"href":"https:\/\/wetankservicos.com\/pt\/wp-json\/wp\/v2\/product"}],"about":[{"href":"https:\/\/wetankservicos.com\/pt\/wp-json\/wp\/v2\/types\/product"}],"version-history":[{"count":3,"href":"https:\/\/wetankservicos.com\/pt\/wp-json\/wp\/v2\/product\/1987\/revisions"}],"predecessor-version":[{"id":2760,"href":"https:\/\/wetankservicos.com\/pt\/wp-json\/wp\/v2\/product\/1987\/revisions\/2760"}],"wp:featuredmedia":[{"embeddable":true,"href":"https:\/\/wetankservicos.com\/pt\/wp-json\/wp\/v2\/media\/2103"}],"wp:attachment":[{"href":"https:\/\/wetankservicos.com\/pt\/wp-json\/wp\/v2\/media?parent=1987"}],"wp:term":[{"taxonomy":"product_brand","embeddable":true,"href":"https:\/\/wetankservicos.com\/pt\/wp-json\/wp\/v2\/product_brand?post=1987"},{"taxonomy":"product_cat","embeddable":true,"href":"https:\/\/wetankservicos.com\/pt\/wp-json\/wp\/v2\/product_cat?post=1987"},{"taxonomy":"product_tag","embeddable":true,"href":"https:\/\/wetankservicos.com\/pt\/wp-json\/wp\/v2\/product_tag?post=1987"}],"curies":[{"name":"wp","href":"https:\/\/api.w.org\/{rel}","templated":true}]}}