{"id":1976,"date":"2024-08-07T12:54:36","date_gmt":"2024-08-07T12:54:36","guid":{"rendered":"https:\/\/wetankservicos.com\/?post_type=product&#038;p=1976"},"modified":"2024-08-07T12:55:50","modified_gmt":"2024-08-07T12:55:50","slug":"contentor-de-10-pes-em-segunda-mao","status":"publish","type":"product","link":"https:\/\/wetankservicos.com\/pt\/produto\/contentor-de-10-pes-em-segunda-mao\/","title":{"rendered":"CONTENTOR DE 10 P\u00c9S EM SEGUNDA M\u00c3O"},"content":{"rendered":"<p>ESPECIFICA\u00c7\u00d5ES DO PRODUTO<br \/>\nComprimento exterior (m)<br \/>\n2,99<\/p>\n<p>Largura exterior (m)<br \/>\n2,44<\/p>\n<p>Altura exterior (m)<br \/>\n2,59<\/p>\n<p>Comprimento interior (m)<br \/>\n2,84<\/p>\n<p>Largura interior (m)<br \/>\n2,35<\/p>\n<p>Altura interior (m)<br \/>\n2,39<\/p>\n<p>Largura da porta (m)<br \/>\n2,34<\/p>\n<p>Altura da porta (m)<br \/>\n2.28<\/p>","protected":false},"excerpt":{"rendered":"<p>Ref.: 000402<\/p>\n<p>DETALHES DO PRODUTO<br \/>\nEste contentor de transporte usado de 10&#8242; x 8&#8242; \u00e9 um m\u00e9todo ideal e extremamente conveniente para um armazenamento seguro.<\/p>\n<p>Este contentor de a\u00e7o para transporte mar\u00edtimo \u00e9 vendido resistente ao vento e \u00e0 \u00e1gua.<\/p>\n<p>Normalmente, um contentor ISO padr\u00e3o de 40 p\u00e9s \u00e9 reduzido a 4 destes contentores de 10 p\u00e9s, mas podemos reduzir os contentores para satisfazer qualquer requisito de tamanho. Entre em contacto connosco para discutir a sua necessidade.<\/p>\n<p>Este contentor est\u00e1 dispon\u00edvel para compra online e pode ser entregue em todo o Portugal.<\/p>\n<p>Entre em contacto com a nossa simp\u00e1tica equipa de vendas de contentores para obter mais informa\u00e7\u00f5es.<\/p>\n<p>RECIPIENTE DE ENVIO USADO DE 10 P\u00c9S<br \/>\nconstru\u00e7\u00e3o de a\u00e7o<br \/>\nContentor Ex-Shipping Line &#8211; cortado no tamanho certo<br \/>\nCorte de acordo com os requisitos de comprimento exato<br \/>\nportas duplas<br \/>\nPain\u00e9is traseiros e de canto fabricados<br \/>\nPreparado e repintado por dentro e por fora<br \/>\ncofre embutido<br \/>\nINFORMA\u00c7\u00c3O IMPORTANTE<br \/>\nEste contentor usado de 10 p\u00e9s n\u00e3o pode ser utilizado para expedi\u00e7\u00e3o.<\/p>","protected":false},"featured_media":2036,"template":"","meta":[],"product_brand":[],"product_cat":[62,54],"product_tag":[],"class_list":{"0":"post-1976","1":"product","2":"type-product","3":"status-publish","4":"has-post-thumbnail","6":"product_cat-contentores-de-8-e-10-pes-3-e-4-m-contentores-usados-2","7":"product_cat-contentores-usados","9":"first","10":"instock","11":"shipping-taxable","12":"purchasable","13":"product-type-simple"},"etheme_brands":{"errors":{"invalid_taxonomy":["Taxonomia inv\u00e1lida."]},"error_data":[]},"_links":{"self":[{"href":"https:\/\/wetankservicos.com\/pt\/wp-json\/wp\/v2\/product\/1976","targetHints":{"allow":["GET"]}}],"collection":[{"href":"https:\/\/wetankservicos.com\/pt\/wp-json\/wp\/v2\/product"}],"about":[{"href":"https:\/\/wetankservicos.com\/pt\/wp-json\/wp\/v2\/types\/product"}],"version-history":[{"count":1,"href":"https:\/\/wetankservicos.com\/pt\/wp-json\/wp\/v2\/product\/1976\/revisions"}],"predecessor-version":[{"id":2037,"href":"https:\/\/wetankservicos.com\/pt\/wp-json\/wp\/v2\/product\/1976\/revisions\/2037"}],"wp:featuredmedia":[{"embeddable":true,"href":"https:\/\/wetankservicos.com\/pt\/wp-json\/wp\/v2\/media\/2036"}],"wp:attachment":[{"href":"https:\/\/wetankservicos.com\/pt\/wp-json\/wp\/v2\/media?parent=1976"}],"wp:term":[{"taxonomy":"product_brand","embeddable":true,"href":"https:\/\/wetankservicos.com\/pt\/wp-json\/wp\/v2\/product_brand?post=1976"},{"taxonomy":"product_cat","embeddable":true,"href":"https:\/\/wetankservicos.com\/pt\/wp-json\/wp\/v2\/product_cat?post=1976"},{"taxonomy":"product_tag","embeddable":true,"href":"https:\/\/wetankservicos.com\/pt\/wp-json\/wp\/v2\/product_tag?post=1976"}],"curies":[{"name":"wp","href":"https:\/\/api.w.org\/{rel}","templated":true}]}}