{"id":1973,"date":"2024-08-07T12:54:36","date_gmt":"2024-08-07T12:54:36","guid":{"rendered":"https:\/\/wetankservicos.com\/?post_type=product&#038;p=1973"},"modified":"2024-08-07T12:55:03","modified_gmt":"2024-08-07T12:55:03","slug":"frigorifico-de-campismo-portatil-aberto-6m-20%e2%80%b2-usado","status":"publish","type":"product","link":"https:\/\/wetankservicos.com\/pt\/produto\/frigorifico-de-campismo-portatil-aberto-6m-20%e2%80%b2-usado\/","title":{"rendered":"FRIGOR\u00cdFICO DE CAMPISMO PORT\u00c1TIL ABERTO 6M\/20\u2032 USADO"},"content":{"rendered":"<p>Caracter\u00edsticas t\u00e9cnicas<br \/>\nEM GERAL<br \/>\nMaquinaria: Daikin\/Carrier\/Termoking<br \/>\nTemperatura: +30\u00baC a -40\u00baC com temperatura exterior de +38\u00baC<br \/>\nCapacidade de refrigera\u00e7\u00e3o: a -18\u00baC 4,9 Kw +2\u00baC 9,4 Kw<\/p>\n<p>&nbsp;<\/p>\n<p>DIMENS\u00d5ES<br \/>\nExterior (C*L*A): 6&#8217;06 x 2&#8217;44 x 2&#8217;59 m.<br \/>\nInterior (C*L*A): 5&#8217;45 x 2&#8217;28 x 2&#8217;26 m.<\/p>\n<p>&nbsp;<\/p>\n<p>&nbsp;<\/p>\n<p>&nbsp;<\/p>\n<p>&nbsp;<\/p>\n<p>&nbsp;<\/p>\n<p>CAPACIDADE<br \/>\nCapacidade: 28 m3<br \/>\nPeso m\u00e1ximo: 24.000 kg<br \/>\nEuropaletes: 10 no plano<\/p>\n<p>10 Europaletes em plano<\/p>\n<p>&nbsp;<\/p>\n<p>LIGA\u00c7\u00c3O EL\u00c9TRICA<br \/>\nEntrada: 380\/460 V, 60\/50 Hz, Trif\u00e1sico<br \/>\nFicha: 32 Amp 6H (4P+E) ou (3P+E)<br \/>\nConsumo: 12 Amp ou baixo consumo<\/p>","protected":false},"excerpt":{"rendered":"<p>Ref.: 123459<\/p>\n<p>As c\u00e2maras frigor\u00edficas port\u00e1teis 6m \/ 20\u2032 OPEN SIDE s\u00e3o as c\u00e2maras frigor\u00edficas de tamanho m\u00e9dio para aluguer e venda. Suficientemente grande para movimentar uma grande quantidade de mercadorias e suficientemente pequeno para caber num estaleiro ou num armaz\u00e9m com espa\u00e7o limitado.<\/p>\n<p>A principal caracter\u00edstica da cela OPEN-SIDE \u00e9 a largura e posi\u00e7\u00e3o das portas, caso contr\u00e1rio as suas caracter\u00edsticas e medidas s\u00e3o as mesmas de uma cela normal de 6 celas. de aproximadamente 2,40 m. Nas c\u00e2maras frigor\u00edficas port\u00e1teis OPEN-SIDE, as portas s\u00e3o posicionadas no lado comprido, permitindo-lhes ter uma largura de 6 m. Esta largura extra permite carregar e descarregar o frigor\u00edfico walk-in mais rapidamente do que um modelo padr\u00e3o.<\/p>\n<p>As caracter\u00edsticas das nossas c\u00e2maras frigor\u00edficas port\u00e1teis OPEN-SIDE tornam-nas particularmente \u00fateis quando se trabalha com empilhadores e necessita de carregar ou descarregar rapidamente. Al\u00e9m disso, o seu equipamento de ilumina\u00e7\u00e3o e a abertura da porta interior permitem movimentar a mercadoria no seu interior com total seguran\u00e7a.<\/p>\n<p>Com as c\u00e2maras frigor\u00edficas port\u00e1teis de 6m \/ 20\u2032 pode controlar a temperatura e a humidade. As nossas c\u00e2maras frigor\u00edficas port\u00e1teis cobrem uma gama de temperaturas program\u00e1vel de +30\u00baC a -40\u00baC com uma temperatura exterior de +38\u00baC. Existe ainda a possibilidade de verificar se a cadeia de frio n\u00e3o foi interrompida durante o armazenamento da mercadoria atrav\u00e9s de mecanismos que permitem armazenar valores de temperatura de 10 em 10 minutos para ter a tranquilidade de que a mercadoria se encontra em perfeitas condi\u00e7\u00f5es.<\/p>\n<p>As nossas c\u00e2maras frigor\u00edficas port\u00e1teis s\u00e3o muito robustas e est\u00e3o equipadas com isolamento t\u00e9rmico de alt\u00edssima densidade. Em caso de falha de energia, se n\u00e3o abrir as portas, a temperatura aumentar\u00e1 apenas 2,5\u00b0C a cada 24 horas, enquanto a temperatura exterior ser\u00e1 de 30\u00b0C. Gra\u00e7as ao elevado desempenho do isolamento t\u00e9rmico, ter\u00e1 tempo suficiente para resolver o problema antes que a cadeia de frio seja interrompida.<\/p>\n<p>As c\u00e2maras frigor\u00edficas port\u00e1teis s\u00e3o contentores mar\u00edtimos refrigerados com modifica\u00e7\u00f5es para facilitar a sua utiliza\u00e7\u00e3o como c\u00e2maras frigor\u00edficas, tais como:<\/p>\n<p>Abertura de porta tipo sala refrigerada.<br \/>\nAbertura interna.<br \/>\nIlumina\u00e7\u00e3o interior.<br \/>\nAlarme de homem preso.<br \/>\nCortina de ripas.<br \/>\nPiso plano para facilitar a utiliza\u00e7\u00e3o de porta-paletes ou empilhadores.<br \/>\nRampa opcional.<\/p>\n<p>Se estiver interessado em alugar ou adquirir um dos nossos frigor\u00edficos port\u00e1teis, visite a sec\u00e7\u00e3o de ofertas onde encontrar\u00e1 as ofertas mais interessantes ou contacte-nos. Os nossos representantes de vendas resolver\u00e3o quaisquer d\u00favidas ou problemas e far\u00e3o uma oferta de aluguer ou venda \u00e0 medida.<\/p>","protected":false},"featured_media":2015,"template":"","meta":[],"product_brand":[],"product_cat":[60,54],"product_tag":[],"class_list":{"0":"post-1973","1":"product","2":"type-product","3":"status-publish","4":"has-post-thumbnail","6":"product_cat-contentor-refrigerado-contentores-usados-3","7":"product_cat-contentores-usados","9":"first","10":"instock","11":"sale","12":"shipping-taxable","13":"purchasable","14":"product-type-simple"},"etheme_brands":{"errors":{"invalid_taxonomy":["Taxonomia inv\u00e1lida."]},"error_data":[]},"_links":{"self":[{"href":"https:\/\/wetankservicos.com\/pt\/wp-json\/wp\/v2\/product\/1973","targetHints":{"allow":["GET"]}}],"collection":[{"href":"https:\/\/wetankservicos.com\/pt\/wp-json\/wp\/v2\/product"}],"about":[{"href":"https:\/\/wetankservicos.com\/pt\/wp-json\/wp\/v2\/types\/product"}],"version-history":[{"count":1,"href":"https:\/\/wetankservicos.com\/pt\/wp-json\/wp\/v2\/product\/1973\/revisions"}],"predecessor-version":[{"id":2016,"href":"https:\/\/wetankservicos.com\/pt\/wp-json\/wp\/v2\/product\/1973\/revisions\/2016"}],"wp:featuredmedia":[{"embeddable":true,"href":"https:\/\/wetankservicos.com\/pt\/wp-json\/wp\/v2\/media\/2015"}],"wp:attachment":[{"href":"https:\/\/wetankservicos.com\/pt\/wp-json\/wp\/v2\/media?parent=1973"}],"wp:term":[{"taxonomy":"product_brand","embeddable":true,"href":"https:\/\/wetankservicos.com\/pt\/wp-json\/wp\/v2\/product_brand?post=1973"},{"taxonomy":"product_cat","embeddable":true,"href":"https:\/\/wetankservicos.com\/pt\/wp-json\/wp\/v2\/product_cat?post=1973"},{"taxonomy":"product_tag","embeddable":true,"href":"https:\/\/wetankservicos.com\/pt\/wp-json\/wp\/v2\/product_tag?post=1973"}],"curies":[{"name":"wp","href":"https:\/\/api.w.org\/{rel}","templated":true}]}}