{"id":1970,"date":"2024-08-07T12:54:36","date_gmt":"2024-08-07T12:54:36","guid":{"rendered":"https:\/\/wetankservicos.com\/?post_type=product&#038;p=1970"},"modified":"2024-08-07T12:54:46","modified_gmt":"2024-08-07T12:54:46","slug":"camaras-frigorificas-portatiles-12m-40%e2%80%b2-usado","status":"publish","type":"product","link":"https:\/\/wetankservicos.com\/pt\/produto\/camaras-frigorificas-portatiles-12m-40%e2%80%b2-usado\/","title":{"rendered":"C\u00c1MARAS FRIGOR\u00cdFICAS PORT\u00c1TILES 12M \/ 40\u2032  USADO"},"content":{"rendered":"<div class=\"mk-page-section-wrapper\">\n<div id=\"page-section-14\" class=\"mk-page-section self-hosted full-width-14 js-el js-master-row mk-in-viewport\" data-intro-effect=\"false\">\n<div class=\"page-section-content vc_row-fluid mk-grid\">\n<div class=\"mk-padding-wrapper\">\n<div class=\"vc_col-sm-12 wpb_column column_container _ height-full\">\n<h2 id=\"fancy-title-15\" class=\"mk-fancy-title simple-style color-single\">Caracter\u00edsticas T\u00e9cnicas<\/h2>\n<div class=\"clearboth\"><\/div>\n<\/div>\n<\/div>\n<div class=\"clearboth\">GENERAL<\/div>\n<\/div>\n<\/div>\n<\/div>\n<div class=\"mk-page-section-wrapper\">\n<div id=\"page-section-16\" class=\"mk-page-section self-hosted full-width-16 js-el js-master-row mk-in-viewport\" data-intro-effect=\"false\">\n<div class=\"page-section-content vc_row-fluid mk-grid\">\n<div class=\"mk-padding-wrapper\">\n<div class=\"vc_col-sm-6 wpb_column column_container vc_custom_1480668844507 _ height-full\">\n<div id=\"text-block-17\" class=\"mk-text-block\">\n<div>\n<ul>\n<li><strong><span class=\"labelInfo\">Maquinaria:<\/span>\u00a0<\/strong>Daikin \/ Carrier \/ Thermoking<img loading=\"lazy\" decoding=\"async\" class=\"aligncenter lazyloading\" src=\"https:\/\/www.zarca.es\/wp-content\/uploads\/2016\/11\/logos-marcas.png\" alt=\"Logos\" width=\"289\" height=\"50\" data-was-processed=\"true\" \/><\/li>\n<li><span class=\"labelInfo\"><strong>Temperatura<\/strong>:<\/span>\u00a0+30\u00baC a -40\u00baC con temperatura exterior de +38\u00baC<\/li>\n<li><strong><span class=\"labelInfo\">Capacidad de enfriamiento:<\/span><\/strong>\u00a0a -18\u00baC 4\u20199 Kw +2\u00baC 9\u20194 Kw<\/li>\n<\/ul>\n<\/div>\n<div class=\"clearboth\"><\/div>\n<\/div>\n<\/div>\n<div class=\"vc_col-sm-6 wpb_column column_container vc_custom_1480668859075 _ height-full\">\n<div id=\"text-block-19\" class=\"mk-text-block\">\n<div id=\"mk-font-icons-20\" class=\"mk-font-icons icon-align-none\"><\/div>\n<h3>DIMENSIONES<\/h3>\n<ul>\n<li><strong><span class=\"labelInfo\">Externas (L*A*H):<\/span><\/strong>\u00a012\u201919 x 2\u201944 x 2\u201959 m.<\/li>\n<li><strong><span class=\"labelInfo\">Internas (L*A*H):<\/span><\/strong>\u00a011\u201953 x 2\u201928 x 2\u201955 m<\/li>\n<\/ul>\n<div class=\"clearboth\"><\/div>\n<\/div>\n<\/div>\n<\/div>\n<div class=\"clearboth\"><\/div>\n<\/div>\n<div class=\"clearboth\"><\/div>\n<\/div>\n<\/div>\n<div class=\"mk-main-wrapper-holder\">\n<div class=\"theme-page-wrapper no-padding full-layout mk-grid vc_row-fluid\">\n<div class=\"theme-content no-padding\">\n<div class=\"clearboth\"><\/div>\n<\/div>\n<\/div>\n<\/div>\n<div class=\"mk-page-section-wrapper\">\n<div id=\"page-section-21\" class=\"mk-page-section self-hosted full-width-21 js-el js-master-row mk-in-viewport\" data-intro-effect=\"false\">\n<div class=\"mk-page-section-inner\">\n<div class=\"mk-video-color-mask\"><\/div>\n<\/div>\n<div class=\"page-section-content vc_row-fluid mk-grid\">\n<div class=\"mk-padding-wrapper\">\n<div class=\"vc_col-sm-6 wpb_column column_container vc_custom_1480668852104 _ height-full\">\n<div id=\"text-block-22\" class=\"mk-text-block\">\n<div id=\"mk-font-icons-23\" class=\"mk-font-icons icon-align-none\"><\/div>\n<h3>CAPACIDAD<\/h3>\n<div>\n<ul>\n<li><strong><span class=\"labelInfo\">Capacidad:<\/span><\/strong>\u00a059 m<sup>3<\/sup><\/li>\n<li><strong><span class=\"labelInfo\">Peso m\u00e1ximo:<\/span><\/strong>\u00a030.480 Kg<\/li>\n<li><strong><span class=\"labelInfo\">Europalets:<\/span><\/strong>\u00a023 en planta<\/li>\n<\/ul>\n<\/div>\n<div class=\"clearboth\"><\/div>\n<\/div>\n<div class=\"mk-image align-left simple-frame inside-image\">\n<div class=\"mk-image-holder\">\n<div class=\"mk-image-inner\"><img loading=\"lazy\" decoding=\"async\" class=\"lightbox-false lazyloading\" title=\"23 Europalets en planta\" src=\"https:\/\/www.zarca.es\/wp-content\/uploads\/2016\/11\/capacidad-europalets-reefer-40-sombra.png\" alt=\"23 Europalets en planta\" width=\"957\" height=\"352\" data-was-processed=\"true\" \/><\/div>\n<div class=\"mk-image-caption\"><span class=\"mk-caption-title\">23 Europalets en planta<\/span><\/div>\n<\/div>\n<div class=\"clearboth\"><\/div>\n<\/div>\n<\/div>\n<div class=\"vc_col-sm-6 wpb_column column_container vc_custom_1480668865022 _ height-full\">\n<div id=\"text-block-24\" class=\"mk-text-block\">\n<div id=\"mk-font-icons-25\" class=\"mk-font-icons icon-align-none\"><\/div>\n<h3>CONEXI\u00d3N EL\u00c9CTRICA<\/h3>\n<ul>\n<li><strong><span class=\"labelInfo\">Entrada:<\/span><\/strong>\u00a0380\/460 V, 60\/50 Hz, Trif\u00e1sico<\/li>\n<li><strong><span class=\"labelInfo\">Enchufe:<\/span><\/strong>\u00a032 Amperios 6H (4P+T) o (3P+T)<\/li>\n<li class=\"labelInfo\"><strong><span class=\"labelInfo\">Consumo:<\/span><\/strong>\u00a014 Amperios o bajo consumo<\/li>\n<\/ul>\n<div class=\"clearboth\"><\/div>\n<\/div>\n<div class=\"mk-image align-left simple-frame inside-image\">\n<div class=\"mk-image-holder\">\n<div class=\"mk-image-inner\"><img loading=\"lazy\" decoding=\"async\" class=\"lightbox-false lazyloading\" title=\"Enchufe 4P+T\" src=\"https:\/\/www.zarca.es\/wp-content\/uploads\/2016\/11\/enchufe-4P-T.jpg\" alt=\"Enchufe 4P+T\" width=\"720\" height=\"386\" data-was-processed=\"true\" \/><\/div>\n<\/div>\n<\/div>\n<\/div>\n<\/div>\n<\/div>\n<\/div>\n<\/div>","protected":false},"excerpt":{"rendered":"<p>Ref.: 123455<\/p>\n<p>Las\u00a0<strong>c\u00e1maras frigor\u00edficas port\u00e1tiles<\/strong>\u00a0de 12m \/ 40\u2032 son las\u00a0<strong>c\u00e1maras frigor\u00edficas<\/strong>\u00a0m\u00e1s grandes de las que disponemos para\u00a0<strong>alquiler y venta<\/strong>, a excepci\u00f3n de los\u00a0<strong>conjuntos m\u00f3dulares de c\u00e1maras frigor\u00edficas port\u00e1tiles<\/strong>\u00a0que son la uni\u00f3n de varias de estas\u00a0<strong>c\u00e1maras frigor\u00edficas port\u00e1tiles<\/strong>.<\/p>\n<p>Las caracter\u00edsticas de nuestras\u00a0<strong>c\u00e1maras frigor\u00edficas port\u00e1tiles<\/strong>\u00a0las hacen especialmente \u00fatiles cuando se trabaja con carros de supermercado, traspalets manuales o carretillas el\u00e9ctricas ya que disponen de suelo plano para poder rodar f\u00e1cilmente y disponemos de\u00a0<strong>rampas<\/strong>\u00a0ligeras que aguantan hasta 750Kg y unas m\u00e1s robustas que soportan hasta 4500Kg. Adem\u00e1s, su equipamiento de luz y apertura interior de puerta permite manipular las mercanc\u00edas dentro del mismo con total seguridad.<\/p>\n<p>Con las\u00a0<strong>c\u00e1maras frigor\u00edficas port\u00e1tiles<\/strong>\u00a0de 12m \/ 40\u2032 se puede controlar la temperatura y la humedad. Nuestras\u00a0\u00a0<strong>c\u00e1maras frigor\u00edficas port\u00e1tiles<\/strong>\u00a0abarcan un rango de temperaturas programable desde +30\u00baC a -40\u00baC con una temperatura exterior de +38\u00baC.\u00a0 Adem\u00e1s existe la posibilidad de comprobar que no se ha roto la\u00a0<strong>cadena de fr\u00edo<\/strong>\u00a0mientras se guardaba la mercanc\u00eda utilizando mecanismos que permiten almacenar los valores de temperatura cada 10 minutos para que usted tenga la tranquilidad de que la mercanc\u00eda est\u00e1 en perfecto estado.<\/p>\n<p>Las\u00a0<strong>c\u00e1maras frigor\u00edficas port\u00e1tiles<\/strong>\u00a0son contenedores mar\u00edtimos frigor\u00edficos con modificaciones para facilitar su uso como almac\u00e9n frigor\u00edfico como son:<\/p>\n<ul>\n<li>Apertura de puertas tipo c\u00e1mara frigor\u00edfica.<\/li>\n<li>Apertura interior.<\/li>\n<li>Iluminaci\u00f3n interior.<\/li>\n<li>Alarma hombre encerrado.<\/li>\n<li>Cortina de lamas.<\/li>\n<li>Suelo plano para facilitar el uso de transpalets o carretillas elevadoras.<\/li>\n<li>Rampa opcional.<\/li>\n<\/ul>\n<p>Si le interesa el\u00a0<strong>alquiler<\/strong>\u00a0o la\u00a0<strong>compra<\/strong>\u00a0de alguna de nuestras\u00a0<strong>c\u00e1maras frigor\u00edficas port\u00e1tiles<\/strong>\u00a0visite la\u00a0secci\u00f3n de\u00a0<strong>ofertas<\/strong>\u00a0donde encontrar\u00e1 las ofertas m\u00e1s interesantes o\u00a0contacte con nosotros. Nuestros comerciales le resolver\u00e1n cualquier duda o problema y le har\u00e1n una\u00a0<strong>oferta<\/strong>\u00a0de\u00a0<strong>alquiler<\/strong>\u00a0o\u00a0<strong>venta<\/strong>\u00a0a su medida.<\/p>","protected":false},"featured_media":2003,"template":"","meta":[],"product_brand":[],"product_cat":[56,54],"product_tag":[],"class_list":{"0":"post-1970","1":"product","2":"type-product","3":"status-publish","4":"has-post-thumbnail","6":"product_cat-contentor-refrigerado","7":"product_cat-contentores-usados","9":"first","10":"instock","11":"shipping-taxable","12":"purchasable","13":"product-type-simple"},"etheme_brands":{"errors":{"invalid_taxonomy":["Taxonomia inv\u00e1lida."]},"error_data":[]},"_links":{"self":[{"href":"https:\/\/wetankservicos.com\/pt\/wp-json\/wp\/v2\/product\/1970","targetHints":{"allow":["GET"]}}],"collection":[{"href":"https:\/\/wetankservicos.com\/pt\/wp-json\/wp\/v2\/product"}],"about":[{"href":"https:\/\/wetankservicos.com\/pt\/wp-json\/wp\/v2\/types\/product"}],"version-history":[{"count":1,"href":"https:\/\/wetankservicos.com\/pt\/wp-json\/wp\/v2\/product\/1970\/revisions"}],"predecessor-version":[{"id":2004,"href":"https:\/\/wetankservicos.com\/pt\/wp-json\/wp\/v2\/product\/1970\/revisions\/2004"}],"wp:featuredmedia":[{"embeddable":true,"href":"https:\/\/wetankservicos.com\/pt\/wp-json\/wp\/v2\/media\/2003"}],"wp:attachment":[{"href":"https:\/\/wetankservicos.com\/pt\/wp-json\/wp\/v2\/media?parent=1970"}],"wp:term":[{"taxonomy":"product_brand","embeddable":true,"href":"https:\/\/wetankservicos.com\/pt\/wp-json\/wp\/v2\/product_brand?post=1970"},{"taxonomy":"product_cat","embeddable":true,"href":"https:\/\/wetankservicos.com\/pt\/wp-json\/wp\/v2\/product_cat?post=1970"},{"taxonomy":"product_tag","embeddable":true,"href":"https:\/\/wetankservicos.com\/pt\/wp-json\/wp\/v2\/product_tag?post=1970"}],"curies":[{"name":"wp","href":"https:\/\/api.w.org\/{rel}","templated":true}]}}